{"id":1351,"date":"2023-10-05T07:48:52","date_gmt":"2023-10-05T07:48:52","guid":{"rendered":"http:\/\/coachingmitpferd.de\/wordpress\/?page_id=1351"},"modified":"2023-10-05T09:46:54","modified_gmt":"2023-10-05T09:46:54","slug":"home","status":"publish","type":"page","link":"https:\/\/coachingmitpferd.de\/wordpress\/","title":{"rendered":"Start"},"content":{"rendered":"\r\n<h4><strong>Willkommen!<\/strong><\/h4>\r\n<p>Ich hoffe Sie suchen, was Sie hier finden:<\/p>\r\n\r\n\r\n\r\n<ul class=\"wp-block-list\">\r\n<li>Ihre Pers\u00f6nlichkeit weiterentwickeln?<\/li>\r\n<li>sich herausfordern lassen?<\/li>\r\n<li>sich vom Kontakt mit Pferden anr\u00fchren lassen?<\/li>\r\n<\/ul>\r\n\r\n\r\n\r\n\r\n\r\n<p><a href=\"http:\/\/coachingmitpferd.de\/wordpress\/wp-content\/uploads\/2011\/09\/BEST8646.jpg\"><img loading=\"lazy\" decoding=\"async\" width=\"150\" height=\"150\" class=\"wp-image-1033 alignleft\" src=\"http:\/\/coachingmitpferd.de\/wordpress\/wp-content\/uploads\/2011\/09\/BEST8646-150x150.jpg\" alt=\"\" \/><\/a>Dann sind Sie hier richtig! Informieren Sie sich \u00fcber eine neue, effektive und ber\u00fchrende Arbeit an der eigenen Pers\u00f6nlichkeit &#8211; im Spiegel der Pferde.<\/p>\r\n\r\n\r\n\r\n<p>Ich freue mich darauf, Sie mit den Pferden und mit sich selbst in Beziehung zu bringen!<br \/>Herzlich Ihre Bettina Jellouschek-Otto<\/p>\r\n","protected":false},"excerpt":{"rendered":"<p>Willkommen! Ich hoffe Sie suchen, was Sie hier finden: Ihre Pers\u00f6nlichkeit weiterentwickeln? sich herausfordern lassen? sich vom Kontakt mit Pferden anr\u00fchren lassen? Dann sind Sie hier richtig! Informieren Sie sich \u00fcber eine neue, effektive und ber\u00fchrende Arbeit an der eigenen &hellip; <a class=\"kt-excerpt-readmore\" href=\"https:\/\/coachingmitpferd.de\/wordpress\/\" aria-label=\"Start\">Read More<\/a><\/p>\n","protected":false},"author":1,"featured_media":0,"parent":0,"menu_order":0,"comment_status":"closed","ping_status":"closed","template":"","meta":{"footnotes":""},"class_list":["post-1351","page","type-page","status-publish","hentry"],"_links":{"self":[{"href":"https:\/\/coachingmitpferd.de\/wordpress\/wp-json\/wp\/v2\/pages\/1351","targetHints":{"allow":["GET"]}}],"collection":[{"href":"https:\/\/coachingmitpferd.de\/wordpress\/wp-json\/wp\/v2\/pages"}],"about":[{"href":"https:\/\/coachingmitpferd.de\/wordpress\/wp-json\/wp\/v2\/types\/page"}],"author":[{"embeddable":true,"href":"https:\/\/coachingmitpferd.de\/wordpress\/wp-json\/wp\/v2\/users\/1"}],"replies":[{"embeddable":true,"href":"https:\/\/coachingmitpferd.de\/wordpress\/wp-json\/wp\/v2\/comments?post=1351"}],"version-history":[{"count":5,"href":"https:\/\/coachingmitpferd.de\/wordpress\/wp-json\/wp\/v2\/pages\/1351\/revisions"}],"predecessor-version":[{"id":1430,"href":"https:\/\/coachingmitpferd.de\/wordpress\/wp-json\/wp\/v2\/pages\/1351\/revisions\/1430"}],"wp:attachment":[{"href":"https:\/\/coachingmitpferd.de\/wordpress\/wp-json\/wp\/v2\/media?parent=1351"}],"curies":[{"name":"wp","href":"https:\/\/api.w.org\/{rel}","templated":true}]}}