{"id":1498,"date":"2025-01-01T16:55:04","date_gmt":"2025-01-01T16:55:04","guid":{"rendered":"https:\/\/coachingmitpferd.de\/wordpress\/?page_id=1498"},"modified":"2026-03-10T16:41:56","modified_gmt":"2026-03-10T16:41:56","slug":"systemische-aufstellungen-mit-pferd-und-mensch","status":"publish","type":"page","link":"https:\/\/coachingmitpferd.de\/wordpress\/systemische-aufstellungen-mit-pferd-und-mensch\/","title":{"rendered":"Systemische Aufstellungen mit Pferd und Mensch"},"content":{"rendered":"<h1>Systemische Aufstellungen<br \/>\nmit Pferd und Mensch<a href=\"https:\/\/coachingmitpferd.de\/wordpress\/wp-content\/uploads\/2025\/01\/Viktor-als-Vater.png\"><img loading=\"lazy\" decoding=\"async\" class=\"alignright wp-image-1501\" src=\"https:\/\/coachingmitpferd.de\/wordpress\/wp-content\/uploads\/2025\/01\/Viktor-als-Vater-150x150.png\" alt=\"\" width=\"238\" height=\"238\" \/><\/a><\/h1>\n<p><strong>Leitung: <a href=\"https:\/\/coachingmitpferd.de\/wordpress\/bettina-jellouschek-otto\/\">Bettina Jellouschek-Otto<\/a> und <a href=\"https:\/\/coachingmitpferd.de\/wordpress\/sonja-krainhofner\/\">Sonja Hallmann<\/a><\/strong><\/p>\n<p>Systemische Aufstellungsarbeit ist eine Methode, um Beziehungsstrukturen und Dynamiken innerhalb eines Systems, bspw. eine Familie, ein Team oder eine Organisation zu visualisieren. Wir stellen das System auf dem Arbeitsviereck mit Pferden und\/oder anderen Teilnehmer*innen als Stellvertreter auf. Ziel einer Systemaufstellung ist es, Blockaden und Konflikte sichtbar zu machen und dadurch neue L\u00f6sungen, und Ressourcen zu entwickeln.<\/p>\n<p><strong>Warum mit Pferden?<\/strong><br \/>\nDas Pferd als Flucht- und Herdentier ist ein sensibles und soziales Wesen. Pferde nehmen wahr, was \u201ein der Luft liegt\u201c. Sie folgen ihrem nat\u00fcrlichen Instinkt, sind frei von Moral, Werten und Gewissen und spiegeln so ganz unmittelbar, was ist. Sie handeln eigenst\u00e4ndig und zeigen dadurch oft \u00fcberraschende L\u00f6sungsans\u00e4tze.<br \/>\nSch\u00f6ner Nebeneffekt: das Ganze findet drau\u00dfen in der Natur statt.<\/p>\n<p><strong>Unsere Herangehensweise<\/strong><br \/>\nWir als Begleiterinnen unterst\u00fctzen Sie mit unserer Erfahrung und Hintergrundwissen bei der Interpretation des Gesehenen. Wir stellen Fragen und vermitteln in einer wertfreien und offenen Haltung. Wo es sinnvoll ist, \u00fcbernehmen andere Teilnehmer*innen die Stellvertretung.<br \/>\nAlles Weitere ersp\u00fcren die Pferde.<\/p>\n<p><strong>Unser Angebot mit Pferd<\/strong><br \/>\nFamilienaufstellung | Symptomaufstellung | Teamaufstellung<br \/>\nEinzeln oder in der Gruppe<\/p>\n<p><strong>Beispiele f\u00fcr Anliegen<\/strong><\/p>\n<ul>\n<li>Ich will hinter ein k\u00f6rperliches oder psychisches Symptom schauen: Hat es etwas mit meinem (Familien-)System zu tun? Was hat mich aus dem Gleichgewicht gebracht?<\/li>\n<li>Immer wieder streiten wir uns scheinbar ohne Grund \u2013 was ist da los?<\/li>\n<li>Die Beziehung zu meiner Mutter ist so schwierig.<\/li>\n<li>Ich habe st\u00e4ndig Konflikte mit meinem Chef.<\/li>\n<li>Ich mache mir Sorgen um unser Kind und wei\u00df nicht was ich tun kann.<\/li>\n<li>Ich bin in Gruppen immer furchtbar gestresst und m\u00f6chte doch gern dazu geh\u00f6ren.<\/li>\n<\/ul>\n<p><strong>Ort: Pferdehof Hohenentringen<\/strong><br \/>\n<strong>Termine: 28.April 2026 jeweils 10-17h <\/strong><br \/>\n<strong>Kosten: \u20ac 190,- Teilnahme mit eigener Aufstellung <\/strong><br \/>\n<strong>\u20ac 80,- Teilnahme als Stellvertreter*in | Zuschauer*in<\/strong><\/p>\n<p>Das Kleingedruckte<br \/>\nDie Teilnahme an Aufstellungsseminaren setzt seelische Stabilit\u00e4t und Gesundheit voraus.<br \/>\nEs sind keine Vorerfahrungen mit Pferden oder Reitkenntnisse n\u00f6tig. Es wird nicht geritten, alle \u00dcbungen finden am Boden auf Augenh\u00f6he mit den Pferden statt.<br \/>\nF\u00fcr kalte und hei\u00dfe Getr\u00e4nke und s\u00fc\u00dfe Snacks ist gesorgt.<\/p>\n<p>Anmeldung <a href=\"https:\/\/coachingmitpferd.de\/wordpress\/kontakt\/\">hier<\/a><\/p>\n<p><strong>Und das sagen Teilnehmende:<\/strong><\/p>\n<p>&#8220;Die Aufstellung mit Pferden erlebte ich als m\u00e4chtiges Instrument. Bilder und Botschaften\u00a0 auf diese Weise vermittelt zu bekommen, war nicht nur sehr eindr\u00fccklich, sondern auch sehr erstaunlich. Ich h\u00e4tte so viel Aussagef\u00e4higkeit durch diese Methode nicht erwartet. F\u00fcr mich ist dies eindeutig eine zus\u00e4tzliche Aufstellungsmethode, die mich bereichert und verwertbare\u00a0 Einsichten vermittelt hat.&#8221; Lisa G.<\/p>\n<p>&#8220;Die Bilder der Aufstellung und ihre Bedeutung f\u00fcr das eigene Leben bleiben lange in meinem Ged\u00e4chtnis und spiegeln sich wieder in meinen Gef\u00fchlen f\u00fcr die Situation. Die sensiblen Pferde geben mir\/uns eine nonverbale aber deutliche R\u00fcckmeldung \u00fcber die Energie die im Raum ist und die aufgestellte Geschichte &#8220;f\u00e4rbt&#8221;. Das ist so \u00fcberrasschend wie \u00fcberzeugend. Und ich kann in professioneller Begleitung L\u00f6sungen ausprobieren. Und vor allem, ich kann damit sofort im Alltag an meinen (auch wunden) Punkten arbeiten, da es mir alles so klar vor Augen gef\u00fchrt wurde und ich es sp\u00fcren kann und gesehen habe worauf es ankommt. Eine prima Methode um sich weiter zu entwickeln und neugierig zu bleiben auf das eigene Leben und das der Anderen.&#8221; Mariann d.A.<\/p>\n<p>Hier finden Sie <a href=\"https:\/\/coachingmitpferd.de\/wordpress\/teilnehmerstimmen\/\">weitere Teilnehmerstimmen<\/a><\/p>\n","protected":false},"excerpt":{"rendered":"<p>Systemische Aufstellungen mit Pferd und Mensch Leitung: Bettina Jellouschek-Otto und Sonja Hallmann Systemische Aufstellungsarbeit ist eine Methode, um Beziehungsstrukturen und Dynamiken innerhalb eines Systems, bspw. eine Familie, ein Team oder eine Organisation zu visualisieren. Wir stellen das System auf dem &hellip; <a class=\"kt-excerpt-readmore\" href=\"https:\/\/coachingmitpferd.de\/wordpress\/systemische-aufstellungen-mit-pferd-und-mensch\/\" aria-label=\"Systemische Aufstellungen mit Pferd und Mensch\">Read More<\/a><\/p>\n","protected":false},"author":1,"featured_media":0,"parent":0,"menu_order":0,"comment_status":"closed","ping_status":"closed","template":"","meta":{"footnotes":""},"class_list":["post-1498","page","type-page","status-publish","hentry"],"_links":{"self":[{"href":"https:\/\/coachingmitpferd.de\/wordpress\/wp-json\/wp\/v2\/pages\/1498","targetHints":{"allow":["GET"]}}],"collection":[{"href":"https:\/\/coachingmitpferd.de\/wordpress\/wp-json\/wp\/v2\/pages"}],"about":[{"href":"https:\/\/coachingmitpferd.de\/wordpress\/wp-json\/wp\/v2\/types\/page"}],"author":[{"embeddable":true,"href":"https:\/\/coachingmitpferd.de\/wordpress\/wp-json\/wp\/v2\/users\/1"}],"replies":[{"embeddable":true,"href":"https:\/\/coachingmitpferd.de\/wordpress\/wp-json\/wp\/v2\/comments?post=1498"}],"version-history":[{"count":10,"href":"https:\/\/coachingmitpferd.de\/wordpress\/wp-json\/wp\/v2\/pages\/1498\/revisions"}],"predecessor-version":[{"id":1575,"href":"https:\/\/coachingmitpferd.de\/wordpress\/wp-json\/wp\/v2\/pages\/1498\/revisions\/1575"}],"wp:attachment":[{"href":"https:\/\/coachingmitpferd.de\/wordpress\/wp-json\/wp\/v2\/media?parent=1498"}],"curies":[{"name":"wp","href":"https:\/\/api.w.org\/{rel}","templated":true}]}}