{"id":173,"date":"2011-09-14T19:56:56","date_gmt":"2011-09-14T19:56:56","guid":{"rendered":"http:\/\/coachingmitpferd.de\/wordpress\/?page_id=173"},"modified":"2023-10-05T09:37:09","modified_gmt":"2023-10-05T09:37:09","slug":"was-ist-coaching","status":"publish","type":"page","link":"https:\/\/coachingmitpferd.de\/wordpress\/was-ist-coaching\/","title":{"rendered":"Was ist Coaching?"},"content":{"rendered":"<h4><strong>Was ist Coaching?<\/strong><\/h4>\n<p>Beim Coaching begleite ich Sie hin zu einem gemeinsam definierten (Ver\u00e4nderungs-)Ziel oder zu einer Entscheidung, die Sie treffen wollen. Ich unterst\u00fctze Sie in Ihrem Anliegen durch l\u00f6sungsorientierte Fragen und Aufgaben. Dabei ist es nicht mein Ziel, Ihnen die Antworten vorzugeben oder Ratschl\u00e4ge zu erteilen sondern Ihnen zu erm\u00f6glichen, die L\u00f6sung in sich selbst zu entdecken.<br \/>\nBeim Coaching mit Pferd haben Sie die M\u00f6glichkeit, in speziell f\u00fcr Sie zusammengestellten \u00dcbungssequenzen verschiedene Verhaltensoptionen durchzuspielen. Unsere Co-Trainer, die Pferde, geben absolut unverf\u00e4lschte, ehrliche Antworten. Dadurch ist diese Art des Coachings sehr direkt, zeitsparend und ressourcenorientiert.<\/p>\n","protected":false},"excerpt":{"rendered":"<p>Was ist Coaching? Beim Coaching begleite ich Sie hin zu einem gemeinsam definierten (Ver\u00e4nderungs-)Ziel oder zu einer Entscheidung, die Sie treffen wollen. Ich unterst\u00fctze Sie in Ihrem Anliegen durch l\u00f6sungsorientierte Fragen und Aufgaben. Dabei ist es nicht mein Ziel, Ihnen &hellip; <a class=\"kt-excerpt-readmore\" href=\"https:\/\/coachingmitpferd.de\/wordpress\/was-ist-coaching\/\" aria-label=\"Was ist Coaching?\">Read More<\/a><\/p>\n","protected":false},"author":1,"featured_media":0,"parent":0,"menu_order":0,"comment_status":"closed","ping_status":"closed","template":"","meta":{"footnotes":""},"class_list":["post-173","page","type-page","status-publish","hentry"],"_links":{"self":[{"href":"https:\/\/coachingmitpferd.de\/wordpress\/wp-json\/wp\/v2\/pages\/173","targetHints":{"allow":["GET"]}}],"collection":[{"href":"https:\/\/coachingmitpferd.de\/wordpress\/wp-json\/wp\/v2\/pages"}],"about":[{"href":"https:\/\/coachingmitpferd.de\/wordpress\/wp-json\/wp\/v2\/types\/page"}],"author":[{"embeddable":true,"href":"https:\/\/coachingmitpferd.de\/wordpress\/wp-json\/wp\/v2\/users\/1"}],"replies":[{"embeddable":true,"href":"https:\/\/coachingmitpferd.de\/wordpress\/wp-json\/wp\/v2\/comments?post=173"}],"version-history":[{"count":6,"href":"https:\/\/coachingmitpferd.de\/wordpress\/wp-json\/wp\/v2\/pages\/173\/revisions"}],"predecessor-version":[{"id":1408,"href":"https:\/\/coachingmitpferd.de\/wordpress\/wp-json\/wp\/v2\/pages\/173\/revisions\/1408"}],"wp:attachment":[{"href":"https:\/\/coachingmitpferd.de\/wordpress\/wp-json\/wp\/v2\/media?parent=173"}],"curies":[{"name":"wp","href":"https:\/\/api.w.org\/{rel}","templated":true}]}}