{"id":24,"date":"2011-09-07T12:41:28","date_gmt":"2011-09-07T12:41:28","guid":{"rendered":"http:\/\/coachingmitpferd.de\/wordpress\/?page_id=24"},"modified":"2023-10-05T09:02:31","modified_gmt":"2023-10-05T09:02:31","slug":"bettina-jellouschek-otto","status":"publish","type":"page","link":"https:\/\/coachingmitpferd.de\/wordpress\/bettina-jellouschek-otto\/","title":{"rendered":"Bettina Jellouschek-Otto"},"content":{"rendered":"<h3><strong>Bettina Jellouschek-Otto<\/strong><\/h3>\r\n<p>Jahrgang 1956, Transaktionsanalytikerin (DGTA),<br \/>Psychotherapeutis<strong><a href=\"http:\/\/coachingmitpferd.de\/wordpress\/wp-content\/uploads\/2011\/09\/BJO1.jpg\"><img loading=\"lazy\" decoding=\"async\" class=\"size-medium wp-image-812 alignleft\" title=\"BJO\" src=\"http:\/\/coachingmitpferd.de\/wordpress\/wp-content\/uploads\/2011\/09\/BJO1-216x300.jpg\" alt=\"\" width=\"151\" height=\"210\" srcset=\"https:\/\/coachingmitpferd.de\/wordpress\/wp-content\/uploads\/2011\/09\/BJO1-216x300.jpg 216w, https:\/\/coachingmitpferd.de\/wordpress\/wp-content\/uploads\/2011\/09\/BJO1.jpg 288w\" sizes=\"auto, (max-width: 151px) 100vw, 151px\" \/><\/a><\/strong>che Heilpraktikerin, Systemische Paartherapeutin, Hebamme, Erwachsenenbildnerin (SVEB 1), Kommunikationstrainerin, praktiziert regelm\u00e4\u00dfig Meditation (Willigis J\u00e4ger), f\u00fchrt den Pferdehof Hohenentringen seit 2013. Seit 2011 Partnerin von Horse-Sense International Training &amp; Coaching.Reit und Pferdeerfahrung seit der Kindheit. Silbernes Reitabzeichen. <br \/>Zus\u00e4tzlicher Erfahrungshintergrund als:<\/p>\r\n<ul>\r\n<li>\r\n<p>Angestellte in privatem Sprachinstitut und zust\u00e4ndig f\u00fcr Personalf\u00fchrung, Kursorganisation, Coaching f\u00fcr Sprachtrainer, Kundenberatung;<\/p>\r\n<\/li>\r\n<\/ul>\r\n<ul>\r\n<li>\r\n<p>Verlagsangestellte im Bereich \u00d6ffentlichkeitsarbeit<\/p>\r\n<h4 style=\"text-align: left;\">\u00a0<\/h4>\r\n<\/li>\r\n<\/ul>\r\n<p>mehr unter: <a href=\"http:\/\/www.jellouschek-otto.de\/\">www.jellouschek-otto.de<\/a><\/p>\r\n<h4 style=\"text-align: left;\"><a href=\"http:\/\/coachingmitpferd.de\/wordpress\/wp-content\/uploads\/2011\/09\/Partnerlogo_begrenzt_18.jpg\"><img loading=\"lazy\" decoding=\"async\" class=\"size-thumbnail wp-image-1004 alignleft\" title=\"Partnerlogo_begrenzt_18\" src=\"http:\/\/coachingmitpferd.de\/wordpress\/wp-content\/uploads\/2011\/09\/Partnerlogo_begrenzt_18-150x150.jpg\" alt=\"\" width=\"150\" height=\"150\" srcset=\"https:\/\/coachingmitpferd.de\/wordpress\/wp-content\/uploads\/2011\/09\/Partnerlogo_begrenzt_18-150x150.jpg 150w, https:\/\/coachingmitpferd.de\/wordpress\/wp-content\/uploads\/2011\/09\/Partnerlogo_begrenzt_18-300x300.jpg 300w, https:\/\/coachingmitpferd.de\/wordpress\/wp-content\/uploads\/2011\/09\/Partnerlogo_begrenzt_18.jpg 976w\" sizes=\"auto, (max-width: 150px) 100vw, 150px\" \/><\/a><img loading=\"lazy\" decoding=\"async\" class=\"alignleft\" src=\"http:\/\/coachingmitpferd.de\/wordpress\/wp-content\/uploads\/2019\/06\/Siegel_Gepr._TAin_CTA.jpg\" alt=\"This image has an empty alt attribute; its file name is Siegel_Gepr._TAin_CTA.jpg\" width=\"164\" height=\"164\" \/><\/h4>\r\n<h4 style=\"text-align: left;\">\u00a0<\/h4>\r\n<p>&nbsp;<\/p>\r\n\r\n<p>&nbsp;<\/p>\r\n","protected":false},"excerpt":{"rendered":"<p>Bettina Jellouschek-Otto Jahrgang 1956, Transaktionsanalytikerin (DGTA),Psychotherapeutische Heilpraktikerin, Systemische Paartherapeutin, Hebamme, Erwachsenenbildnerin (SVEB 1), Kommunikationstrainerin, praktiziert regelm\u00e4\u00dfig Meditation (Willigis J\u00e4ger), f\u00fchrt den Pferdehof Hohenentringen seit 2013. Seit 2011 Partnerin von Horse-Sense International Training &amp; Coaching.Reit und Pferdeerfahrung seit der Kindheit. Silbernes &hellip; <a class=\"kt-excerpt-readmore\" href=\"https:\/\/coachingmitpferd.de\/wordpress\/bettina-jellouschek-otto\/\" aria-label=\"Bettina Jellouschek-Otto\">Read More<\/a><\/p>\n","protected":false},"author":1,"featured_media":0,"parent":0,"menu_order":0,"comment_status":"closed","ping_status":"closed","template":"","meta":{"footnotes":""},"class_list":["post-24","page","type-page","status-publish","hentry"],"_links":{"self":[{"href":"https:\/\/coachingmitpferd.de\/wordpress\/wp-json\/wp\/v2\/pages\/24","targetHints":{"allow":["GET"]}}],"collection":[{"href":"https:\/\/coachingmitpferd.de\/wordpress\/wp-json\/wp\/v2\/pages"}],"about":[{"href":"https:\/\/coachingmitpferd.de\/wordpress\/wp-json\/wp\/v2\/types\/page"}],"author":[{"embeddable":true,"href":"https:\/\/coachingmitpferd.de\/wordpress\/wp-json\/wp\/v2\/users\/1"}],"replies":[{"embeddable":true,"href":"https:\/\/coachingmitpferd.de\/wordpress\/wp-json\/wp\/v2\/comments?post=24"}],"version-history":[{"count":31,"href":"https:\/\/coachingmitpferd.de\/wordpress\/wp-json\/wp\/v2\/pages\/24\/revisions"}],"predecessor-version":[{"id":1381,"href":"https:\/\/coachingmitpferd.de\/wordpress\/wp-json\/wp\/v2\/pages\/24\/revisions\/1381"}],"wp:attachment":[{"href":"https:\/\/coachingmitpferd.de\/wordpress\/wp-json\/wp\/v2\/media?parent=24"}],"curies":[{"name":"wp","href":"https:\/\/api.w.org\/{rel}","templated":true}]}}