{"id":29,"date":"2011-09-07T12:49:28","date_gmt":"2011-09-07T12:49:28","guid":{"rendered":"http:\/\/coachingmitpferd.de\/wordpress\/?page_id=29"},"modified":"2025-01-01T17:50:46","modified_gmt":"2025-01-01T17:50:46","slug":"die-pferde","status":"publish","type":"page","link":"https:\/\/coachingmitpferd.de\/wordpress\/die-pferde\/","title":{"rendered":"Die Pferde"},"content":{"rendered":"<div id=\"kad-wp-gallery201\" class=\"kad-wp-gallery gallery kt-gallery-column-3 init-isotope-intrinsic reinit-isotope kad-light-wp-gallery clearfix rowtight\" data-fade-in=\"1\" data-iso-selector=\".g_item\" data-iso-style=\"masonry\" data-iso-filter=\"false\"><div class=\"tcol-lg-4 tcol-md-4 tcol-sm-4 tcol-xs-6 tcol-ss-12 g_item\"><div class=\"grid_item kt_item_fade_in kad_gallery_fade_in gallery_item\"><a href=\"https:\/\/coachingmitpferd.de\/wordpress\/wp-content\/uploads\/2011\/09\/Viktor.png\" data-rel=\"lightbox\" class=\"lightboxhover\"><div class=\"kt-intrinsic\" style=\"padding-bottom:100%;\"><div itemprop=\"image\" itemscope itemtype=\"https:\/\/schema.org\/ImageObject\"><img loading=\"lazy\" decoding=\"async\" width=\"366\" height=\"366\" src=\"https:\/\/coachingmitpferd.de\/wordpress\/wp-content\/uploads\/2011\/09\/Viktor-366x366.png\" srcset=\"https:\/\/coachingmitpferd.de\/wordpress\/wp-content\/uploads\/2011\/09\/Viktor-366x366.png 366w, https:\/\/coachingmitpferd.de\/wordpress\/wp-content\/uploads\/2011\/09\/Viktor-150x150.png 150w\" sizes=\"auto, (max-width: 366px) 100vw, 366px\" data-caption=\"\" class=\"light-dropshaddow\" itemprop=\"contentUrl\" alt=\"\"><meta itemprop=\"url\" content=\"https:\/\/coachingmitpferd.de\/wordpress\/wp-content\/uploads\/2011\/09\/Viktor-366x366.png\"><meta itemprop=\"width\" content=\"366px\"><meta itemprop=\"height\" content=\"366px\"><\/div><\/div><\/a><\/div><\/div><div class=\"tcol-lg-4 tcol-md-4 tcol-sm-4 tcol-xs-6 tcol-ss-12 g_item\"><div class=\"grid_item kt_item_fade_in kad_gallery_fade_in gallery_item\"><a href=\"https:\/\/coachingmitpferd.de\/wordpress\/wp-content\/uploads\/2011\/09\/Jona-e1696500935625.jpg\" data-rel=\"lightbox\" class=\"lightboxhover\"><div class=\"kt-intrinsic\" style=\"padding-bottom:99.624060150376%;\"><div itemprop=\"image\" itemscope itemtype=\"https:\/\/schema.org\/ImageObject\"><img loading=\"lazy\" decoding=\"async\" width=\"266\" height=\"265\" src=\"https:\/\/coachingmitpferd.de\/wordpress\/wp-content\/uploads\/2011\/09\/Jona-e1696500935625.jpg\" srcset=\"https:\/\/coachingmitpferd.de\/wordpress\/wp-content\/uploads\/2011\/09\/Jona-e1696500935625.jpg 266w, https:\/\/coachingmitpferd.de\/wordpress\/wp-content\/uploads\/2011\/09\/Jona-e1696500935625-150x150.jpg 150w\" sizes=\"auto, (max-width: 266px) 100vw, 266px\" data-caption=\"\" class=\"light-dropshaddow\" itemprop=\"contentUrl\" alt=\"Rappe Profil\"><meta itemprop=\"url\" content=\"https:\/\/coachingmitpferd.de\/wordpress\/wp-content\/uploads\/2011\/09\/Jona-e1696500935625.jpg\"><meta itemprop=\"width\" content=\"266px\"><meta itemprop=\"height\" content=\"265px\"><\/div><\/div><\/a><\/div><\/div><div class=\"tcol-lg-4 tcol-md-4 tcol-sm-4 tcol-xs-6 tcol-ss-12 g_item\"><div class=\"grid_item kt_item_fade_in kad_gallery_fade_in gallery_item\"><a href=\"https:\/\/coachingmitpferd.de\/wordpress\/wp-content\/uploads\/2025\/01\/Pd5AKoLMoiABamv7C3My.jpg\" data-rel=\"lightbox\" class=\"lightboxhover\"><div class=\"kt-intrinsic\" style=\"padding-bottom:66.75%;\"><div itemprop=\"image\" itemscope itemtype=\"https:\/\/schema.org\/ImageObject\"><img loading=\"lazy\" decoding=\"async\" width=\"400\" height=\"267\" src=\"https:\/\/coachingmitpferd.de\/wordpress\/wp-content\/uploads\/2025\/01\/Pd5AKoLMoiABamv7C3My.jpg\" srcset=\"https:\/\/coachingmitpferd.de\/wordpress\/wp-content\/uploads\/2025\/01\/Pd5AKoLMoiABamv7C3My.jpg 400w, https:\/\/coachingmitpferd.de\/wordpress\/wp-content\/uploads\/2025\/01\/Pd5AKoLMoiABamv7C3My-300x200.jpg 300w\" sizes=\"auto, (max-width: 400px) 100vw, 400px\" data-caption=\"\" class=\"light-dropshaddow\" itemprop=\"contentUrl\" alt=\"\"><meta itemprop=\"url\" content=\"https:\/\/coachingmitpferd.de\/wordpress\/wp-content\/uploads\/2025\/01\/Pd5AKoLMoiABamv7C3My.jpg\"><meta itemprop=\"width\" content=\"400px\"><meta itemprop=\"height\" content=\"267px\"><\/div><\/div><\/a><\/div><\/div><\/div>\n<h4><strong>Die Pferde<\/strong><\/h4>\n<div>Wir arbeiten ausschlie\u00dflich mit Isl\u00e4nder-Pferden und hier nur mit ausgew\u00e4hlten Tieren. Wir\u00a0 bilden sie darin aus, sich auf\u00a0 unterschiedliche Menschen einzustellen. Unsere Pferde leben im Herdenverband und k\u00f6nnen dadurch ausreichend Sozialkontakte mit ihren Artgenossen pflegen. Dar\u00fcberhinaus haben sie ein Grundvertrauen den Menschen gegen\u00fcber. Diese Kombination macht sie zu idealen Co-Trainern in Sachen <em>so<\/em><em>ziale Kompetenzen<\/em>.<\/div>\n<div><\/div>\n","protected":false},"excerpt":{"rendered":"<p>Die Pferde Wir arbeiten ausschlie\u00dflich mit Isl\u00e4nder-Pferden und hier nur mit ausgew\u00e4hlten Tieren. Wir\u00a0 bilden sie darin aus, sich auf\u00a0 unterschiedliche Menschen einzustellen. Unsere Pferde leben im Herdenverband und k\u00f6nnen dadurch ausreichend Sozialkontakte mit ihren Artgenossen pflegen. Dar\u00fcberhinaus haben sie &hellip; <a class=\"kt-excerpt-readmore\" href=\"https:\/\/coachingmitpferd.de\/wordpress\/die-pferde\/\" aria-label=\"Die Pferde\">Read More<\/a><\/p>\n","protected":false},"author":1,"featured_media":0,"parent":0,"menu_order":0,"comment_status":"closed","ping_status":"closed","template":"","meta":{"footnotes":""},"class_list":["post-29","page","type-page","status-publish","hentry"],"_links":{"self":[{"href":"https:\/\/coachingmitpferd.de\/wordpress\/wp-json\/wp\/v2\/pages\/29","targetHints":{"allow":["GET"]}}],"collection":[{"href":"https:\/\/coachingmitpferd.de\/wordpress\/wp-json\/wp\/v2\/pages"}],"about":[{"href":"https:\/\/coachingmitpferd.de\/wordpress\/wp-json\/wp\/v2\/types\/page"}],"author":[{"embeddable":true,"href":"https:\/\/coachingmitpferd.de\/wordpress\/wp-json\/wp\/v2\/users\/1"}],"replies":[{"embeddable":true,"href":"https:\/\/coachingmitpferd.de\/wordpress\/wp-json\/wp\/v2\/comments?post=29"}],"version-history":[{"count":26,"href":"https:\/\/coachingmitpferd.de\/wordpress\/wp-json\/wp\/v2\/pages\/29\/revisions"}],"predecessor-version":[{"id":1519,"href":"https:\/\/coachingmitpferd.de\/wordpress\/wp-json\/wp\/v2\/pages\/29\/revisions\/1519"}],"wp:attachment":[{"href":"https:\/\/coachingmitpferd.de\/wordpress\/wp-json\/wp\/v2\/media?parent=29"}],"curies":[{"name":"wp","href":"https:\/\/api.w.org\/{rel}","templated":true}]}}