{"id":32,"date":"2011-09-07T12:43:09","date_gmt":"2011-09-07T12:43:09","guid":{"rendered":"http:\/\/coachingmitpferd.de\/wordpress\/?page_id=32"},"modified":"2025-08-26T14:02:26","modified_gmt":"2025-08-26T14:02:26","slug":"wegbeschreibung","status":"publish","type":"page","link":"https:\/\/coachingmitpferd.de\/wordpress\/wegbeschreibung\/","title":{"rendered":"Wegbeschreibung"},"content":{"rendered":"<h4><strong>Wegbeschreibung zum Pferdehof Hohenentringen<\/strong><\/h4>\n<p>Eingabe im Navi: 72070 T\u00fcbingen-Hagelloch, Gastst\u00e4tte Hohenentringen<\/p>\n<p>Die Anfahrt mit dem Auto ist nur \u00fcber <strong>T\u00fcbingen- Hagelloch<\/strong> m\u00f6glich!<br \/>\nAb Hagelloch einfach der Beschilderung &#8220;Schloss Hohenentringen&#8221; oder &#8220;Friedwald&#8221; folgen. Die Hauptstra\u00dfe f\u00fchrt durch Hagelloch und dann noch 2,5 Kilometer durch den Wald. Der Pferdehof befindet sich auf H\u00f6he des Parkplatzes von Schloss Hohenentringen auf der linken Seite.<\/p>\n<h4><strong>Wegbeschreibung zur Beratungs-Praxis<\/strong><\/h4>\n<p><strong>von Bettina Jellouschek-Otto<br \/>\n<\/strong>Baumgartenring 7<br \/>\n72119 Ammerbuch-Entringen<strong><br \/>\n<\/strong><strong>Anfahrt:<\/strong><br \/>\n<strong>Von der A 81 kommend<\/strong>: Abfahrt Herrenberg. Rechts Richtung T\u00fcbingen abbiegen. Nach ca. 6km erreichen Sie den Ammerbucher Teilort Entringen. Biegen Sie an der zweiten Abzweigung links von der Hauptstra\u00dfe ab in die Obere Stra\u00dfe. Folgen Sie dieser bis Sie an eine T-Kreuzung kommen. Es kreuzt der Baumgartenring. Die Praxis befindet sich im Eckhaus links. Hausnummer 7. Parkpl\u00e4tze sind noch in der Oberen Stra\u00dfe.<\/p>\n<p><strong>Von T\u00fcbingen kommend<\/strong>: B28 in Richtung Herrenberg. Nach 10km erreichen Sie den Ammerbucher Teilort Entringen. Ca 10m nach der B\u00e4ckerei Gehr zweigt rechts die Obere Stra\u00dfe ab.<br \/>\nWeiter wie oben beschrieben.<\/p>\n<p>&nbsp;<\/p>\n<p>&nbsp;<\/p>\n","protected":false},"excerpt":{"rendered":"<p>Wegbeschreibung zum Pferdehof Hohenentringen Eingabe im Navi: 72070 T\u00fcbingen-Hagelloch, Gastst\u00e4tte Hohenentringen Die Anfahrt mit dem Auto ist nur \u00fcber T\u00fcbingen- Hagelloch m\u00f6glich! Ab Hagelloch einfach der Beschilderung &#8220;Schloss Hohenentringen&#8221; oder &#8220;Friedwald&#8221; folgen. Die Hauptstra\u00dfe f\u00fchrt durch Hagelloch und dann noch &hellip; <a class=\"kt-excerpt-readmore\" href=\"https:\/\/coachingmitpferd.de\/wordpress\/wegbeschreibung\/\" aria-label=\"Wegbeschreibung\">Read More<\/a><\/p>\n","protected":false},"author":1,"featured_media":0,"parent":0,"menu_order":0,"comment_status":"closed","ping_status":"closed","template":"","meta":{"footnotes":""},"class_list":["post-32","page","type-page","status-publish","hentry"],"_links":{"self":[{"href":"https:\/\/coachingmitpferd.de\/wordpress\/wp-json\/wp\/v2\/pages\/32","targetHints":{"allow":["GET"]}}],"collection":[{"href":"https:\/\/coachingmitpferd.de\/wordpress\/wp-json\/wp\/v2\/pages"}],"about":[{"href":"https:\/\/coachingmitpferd.de\/wordpress\/wp-json\/wp\/v2\/types\/page"}],"author":[{"embeddable":true,"href":"https:\/\/coachingmitpferd.de\/wordpress\/wp-json\/wp\/v2\/users\/1"}],"replies":[{"embeddable":true,"href":"https:\/\/coachingmitpferd.de\/wordpress\/wp-json\/wp\/v2\/comments?post=32"}],"version-history":[{"count":31,"href":"https:\/\/coachingmitpferd.de\/wordpress\/wp-json\/wp\/v2\/pages\/32\/revisions"}],"predecessor-version":[{"id":1553,"href":"https:\/\/coachingmitpferd.de\/wordpress\/wp-json\/wp\/v2\/pages\/32\/revisions\/1553"}],"wp:attachment":[{"href":"https:\/\/coachingmitpferd.de\/wordpress\/wp-json\/wp\/v2\/media?parent=32"}],"curies":[{"name":"wp","href":"https:\/\/api.w.org\/{rel}","templated":true}]}}