{"id":34,"date":"2011-09-07T12:44:25","date_gmt":"2011-09-07T12:44:25","guid":{"rendered":"http:\/\/coachingmitpferd.de\/wordpress\/?page_id=34"},"modified":"2026-03-10T15:59:07","modified_gmt":"2026-03-10T15:59:07","slug":"einzelcoaching","status":"publish","type":"page","link":"https:\/\/coachingmitpferd.de\/wordpress\/einzelcoaching\/","title":{"rendered":"Einzelcoaching"},"content":{"rendered":"<h4><strong>Einzelcoaching<\/strong><\/h4>\n<p>Einzelcoaching empfehle ich Ihnen, wenn Sie gezielt und effektiv an Ihren sozialen und\u00a0 emotionalen Kompetenzen arbeiten wollen.<br \/>\nSie k\u00f6nnen Einsichten gewinnen in ihre\u00a0 erlernten Verhaltensweisen, die sie daran hindern, ihr volles Potential an Beziehungsf\u00e4higkeiten zu entfalten. Pferde geben Ihnen Gelegenheit, auf neue &#8220;Ideen&#8221; zu kommen: Vertrauen statt \u00c4ngstlichkeit, Selbstbehauptung statt Anpassung, guter Abstand statt zuviel N\u00e4he, Kontakt statt R\u00fcckzug. <a title=\"Teilnehmerstimmen\" href=\"http:\/\/coachingmitpferd.de\/wordpress\/?page_id=451\">Teilnehmerstimmen&#8230;<\/a><\/p>\n<p><a href=\"http:\/\/coachingmitpferd.de\/wordpress\/wp-content\/uploads\/2011\/09\/Einzelcoaching.png\"><img loading=\"lazy\" decoding=\"async\" class=\"alignleft size-medium wp-image-275\" title=\"Einzelcoaching\" src=\"http:\/\/coachingmitpferd.de\/wordpress\/wp-content\/uploads\/2011\/09\/Einzelcoaching-300x173.png\" alt=\"Teilnehmerin leitet frei laufendes Pferd\" width=\"314\" height=\"187\" \/><\/a><strong>Wie l\u00e4uft Einzel-Coaching mit Pferd ab?<\/strong><br \/>\nDie Begegnung Mensch-Pferd findet in einem abgegrenzten 12x20m gro\u00dfen Geviert statt. Die Pferde laufen frei und sind entsprechend auch frei in der Kontaktaufnahme. \u00dcbungsfolgen werden vorgegeben, die mit dem Pferd zu Fu\u00df absolviert werden. <strong>Es wird nicht geritten!<\/strong> <strong>Reit- oder Pferdekenntnisse sind nicht erforderlich!<\/strong><br \/>\nIm angeschlossenen Nach-Coaching steht der Transfer der Erkenntnisse in die individuellen Lebenszusammenh\u00e4nge im Vordergrund. Ziel ist: konkrete Ver\u00e4nderungsschritte und die Stabilisierung der neuen Erfahrung.<\/p>\n<p><a href=\"http:\/\/coachingmitpferd.de\/wordpress\/wp-content\/uploads\/2011\/09\/Videoanalyse.png\"><img loading=\"lazy\" decoding=\"async\" class=\"alignright size-medium wp-image-305\" title=\"Videoanalyse\" src=\"http:\/\/coachingmitpferd.de\/wordpress\/wp-content\/uploads\/2011\/09\/Videoanalyse-300x182.png\" alt=\"Videokamera\" width=\"300\" height=\"182\" srcset=\"https:\/\/coachingmitpferd.de\/wordpress\/wp-content\/uploads\/2011\/09\/Videoanalyse-300x182.png 300w, https:\/\/coachingmitpferd.de\/wordpress\/wp-content\/uploads\/2011\/09\/Videoanalyse-492x300.png 492w, https:\/\/coachingmitpferd.de\/wordpress\/wp-content\/uploads\/2011\/09\/Videoanalyse.png 657w\" sizes=\"auto, (max-width: 300px) 100vw, 300px\" \/><\/a><br \/>\nIn der <strong>Videoanalyse (auf Wunsch)<\/strong> werden subjektive Erfahrungen dem objektiven Blick der Kamera gegen\u00fcbergestellt. Die menschliche K\u00f6rpersprache und die Reaktion der Pferde kann detailliert verfolgt werden.<\/p>\n<p><strong>Kleidung<\/strong>: Bequeme Freizeitkleidung, die der Witterung angemessen ist (das Coaching findet auf einem Au\u00dfenplatz statt). Robuste Schuhe sind unbedingt erforderlich!<\/p>\n<h4>Sie haben drei verschiedene Settings zur Auswahl:<\/h4>\n<p><strong>Pferdebegleitetes Einzelcoaching:<\/strong> 60min \/ \u20ac 205,- (inkl. MwSt.)<br \/>\n<strong>Einzelcoaching mit Videoanalyse:<\/strong><br \/>\n90min pferdebegleitetes Coaching + ein separates Nachgespr\u00e4ch mit Videoanalyse (60min) \/ \u20ac 380,- (inkl. MwSt.)<br \/>\n<strong>Einzelcoaching kompakt:<\/strong><br \/>\nVorgespr\u00e4ch (30min) + pferdebegleitetes Coaching (90min) + Nachgespr\u00e4ch mit Videoanalyse (60min) \/ \u20ac 495,- (inkl. MwSt.)<\/p>\n<p>Interesse? Dann nehmen Sie <a title=\"Kontakt\" href=\"http:\/\/coachingmitpferd.de\/wordpress\/?page_id=12\">Kontakt<\/a> zu mir auf!<\/p>\n<p>&nbsp;<\/p>\n","protected":false},"excerpt":{"rendered":"<p>Einzelcoaching Einzelcoaching empfehle ich Ihnen, wenn Sie gezielt und effektiv an Ihren sozialen und\u00a0 emotionalen Kompetenzen arbeiten wollen. Sie k\u00f6nnen Einsichten gewinnen in ihre\u00a0 erlernten Verhaltensweisen, die sie daran hindern, ihr volles Potential an Beziehungsf\u00e4higkeiten zu entfalten. Pferde geben Ihnen &hellip; <a class=\"kt-excerpt-readmore\" href=\"https:\/\/coachingmitpferd.de\/wordpress\/einzelcoaching\/\" aria-label=\"Einzelcoaching\">Read More<\/a><\/p>\n","protected":false},"author":1,"featured_media":0,"parent":0,"menu_order":0,"comment_status":"closed","ping_status":"closed","template":"","meta":{"footnotes":""},"class_list":["post-34","page","type-page","status-publish","hentry"],"_links":{"self":[{"href":"https:\/\/coachingmitpferd.de\/wordpress\/wp-json\/wp\/v2\/pages\/34","targetHints":{"allow":["GET"]}}],"collection":[{"href":"https:\/\/coachingmitpferd.de\/wordpress\/wp-json\/wp\/v2\/pages"}],"about":[{"href":"https:\/\/coachingmitpferd.de\/wordpress\/wp-json\/wp\/v2\/types\/page"}],"author":[{"embeddable":true,"href":"https:\/\/coachingmitpferd.de\/wordpress\/wp-json\/wp\/v2\/users\/1"}],"replies":[{"embeddable":true,"href":"https:\/\/coachingmitpferd.de\/wordpress\/wp-json\/wp\/v2\/comments?post=34"}],"version-history":[{"count":36,"href":"https:\/\/coachingmitpferd.de\/wordpress\/wp-json\/wp\/v2\/pages\/34\/revisions"}],"predecessor-version":[{"id":1566,"href":"https:\/\/coachingmitpferd.de\/wordpress\/wp-json\/wp\/v2\/pages\/34\/revisions\/1566"}],"wp:attachment":[{"href":"https:\/\/coachingmitpferd.de\/wordpress\/wp-json\/wp\/v2\/media?parent=34"}],"curies":[{"name":"wp","href":"https:\/\/api.w.org\/{rel}","templated":true}]}}