{"id":36,"date":"2011-09-07T12:44:50","date_gmt":"2011-09-07T12:44:50","guid":{"rendered":"http:\/\/coachingmitpferd.de\/wordpress\/?page_id=36"},"modified":"2019-06-11T19:16:40","modified_gmt":"2019-06-11T19:16:40","slug":"paarcoaching","status":"publish","type":"page","link":"https:\/\/coachingmitpferd.de\/wordpress\/paarcoaching\/","title":{"rendered":"Paarcoaching"},"content":{"rendered":"<p><strong>Paarcoaching<\/strong><\/p>\n<p>Seit mehreren Jahren entwickle ich das pferdebegleitete Paarcoaching kontinuierlich weiter.<\/p>\n<p><a href=\"http:\/\/coachingmitpferd.de\/wordpress\/wp-content\/uploads\/2011\/09\/Paar-Coaching.jpg\"><img loading=\"lazy\" decoding=\"async\" class=\"wp-image-632 aligncenter\" title=\"Paar-Coaching\" src=\"http:\/\/coachingmitpferd.de\/wordpress\/wp-content\/uploads\/2011\/09\/Paar-Coaching-300x200.jpg\" alt=\"\" width=\"323\" height=\"215\" srcset=\"https:\/\/coachingmitpferd.de\/wordpress\/wp-content\/uploads\/2011\/09\/Paar-Coaching-300x200.jpg 300w, https:\/\/coachingmitpferd.de\/wordpress\/wp-content\/uploads\/2011\/09\/Paar-Coaching-1024x682.jpg 1024w, https:\/\/coachingmitpferd.de\/wordpress\/wp-content\/uploads\/2011\/09\/Paar-Coaching-450x300.jpg 450w, https:\/\/coachingmitpferd.de\/wordpress\/wp-content\/uploads\/2011\/09\/Paar-Coaching.jpg 1920w\" sizes=\"auto, (max-width: 323px) 100vw, 323px\" \/><\/a>Informieren Sie sich \u00fcber mein Angebot:<\/p>\n<ul>\n<li><a title=\"SPPC Modul\" href=\"http:\/\/coachingmitpferd.de\/wordpress\/?page_id=599\">Systemisches pferdebegleitetes Paar-Coaching SPPC<\/a><\/li>\n<li><a title=\"Paarcoaching mit Pferd\" href=\"http:\/\/coachingmitpferd.de\/wordpress\/?page_id=601\">Einzeltermine f\u00fcr Paare und Paar-Coaching kompakt<\/a><\/li>\n<li><a title=\"Publikationen\" href=\"http:\/\/coachingmitpferd.de\/wordpress\/?page_id=648\">Publikation: Pferdegest\u00fctztes Paar-Coaching (Thieme Verlag 04\/2014)<\/a><\/li>\n<\/ul>\n<p><strong>Warum Paarcoaching mit Pferden?<\/strong><\/p>\n<p><a href=\"http:\/\/coachingmitpferd.de\/wordpress\/wp-content\/uploads\/2011\/09\/Paarcoaching1.jpg\"><img loading=\"lazy\" decoding=\"async\" class=\"alignleft size-medium wp-image-282\" title=\"Paarcoaching\" src=\"http:\/\/coachingmitpferd.de\/wordpress\/wp-content\/uploads\/2011\/09\/Paarcoaching1-124x300.jpg\" alt=\"Paar\u00fcbung\" width=\"124\" height=\"300\" \/><\/a>Pferde, die tagein tagaus in ihrem Herdenverband leben, konfrontieren uns mit ihrer Vorstellung von einer <em>guten Herde<\/em>. Hier gilt Kooperation statt Machtkampf, Vertrauen statt Kontrolle, Klarheit und Aufrichtigkeit statt Manipulation, Respekt statt Ignoranz.<br \/>\nDiese Qualit\u00e4ten gelten auch f\u00fcr eine stabile und begl\u00fcckende Paarbeziehung.<\/p>\n<p><strong>Wie l\u00e4uft Paarcoaching mit Pferd ab?<\/strong><\/p>\n<p>Als Ihr Paarcoach begleite ich Sie gemeinsam mit den Pferden als Co-Trainern bei der Aufarbeitung Ihrer individuellen Beziehungs- und Paarthemen. Die Begegnung Mensch-Pferd findet in einem abgegrenzten 12x20m gro\u00dfen Geviert statt. Die Pferde laufen frei und sind entsprechend auch frei in der Kontaktaufnahme. Sie arbeiten <em>einzeln und gemeinsam<\/em> mit Ihrem Partner\/Ihrer Partnerin mit einem oder zwei Pferden. Die Pferde werden gef\u00fchrt, <strong>Es wird nicht geritten!<\/strong><\/p>\n<p>Im angeschlossenen <strong>Nach-Coaching<\/strong> steht der Transfer der Erkenntnisse in Ihre\u00a0 individuellen Lebenszusammenh\u00e4nge und in Ihren Paaralltag im Vordergrund<em>.<\/em> Konkrete Ver\u00e4nderungsschritte k\u00f6nnen geplant werden. Ziel ist die Stabilisierung der neuen Erfahrung in Ihrem Paaralltag.<\/p>\n<p><a href=\"http:\/\/coachingmitpferd.de\/wordpress\/wp-content\/uploads\/2011\/09\/Videoanalyse1.png\"><img loading=\"lazy\" decoding=\"async\" class=\"alignright size-medium wp-image-308\" title=\"Videoanalyse\" src=\"http:\/\/coachingmitpferd.de\/wordpress\/wp-content\/uploads\/2011\/09\/Videoanalyse1-300x182.png\" alt=\"Videokamera\" width=\"300\" height=\"182\" srcset=\"https:\/\/coachingmitpferd.de\/wordpress\/wp-content\/uploads\/2011\/09\/Videoanalyse1-300x182.png 300w, https:\/\/coachingmitpferd.de\/wordpress\/wp-content\/uploads\/2011\/09\/Videoanalyse1-492x300.png 492w, https:\/\/coachingmitpferd.de\/wordpress\/wp-content\/uploads\/2011\/09\/Videoanalyse1.png 657w\" sizes=\"auto, (max-width: 300px) 100vw, 300px\" \/><\/a><\/p>\n<p>In der <strong>Videoanalyse<\/strong> werden subjektive Erfahrungen dem objektiven Blick der Kamera gegen\u00fcbergestellt. Die menschliche K\u00f6rpersprache und die Reaktion der Pferde kann detailliert verfolgt werden. Videoanalyse biete ich auf Wunsch und gegen Aufpreis an.<\/p>\n<p><strong>F\u00fcr das Coaching mit Pferd sind keine Reit- oder Pferdekenntnisse erforderlich.<\/strong><\/p>\n<p><strong>Kleidung<\/strong>: Bequeme Freizeitkleidung, die der Witterung angemessen ist (das Coaching findet outdoor statt). Robuste Schuhe sind unbedingt erforderlich!<\/p>\n<p><strong>Wann ist Paar-Coaching mit Pferd sinnvoll?<\/strong><\/p>\n<h4>Als Methodenwechsel f\u00fcr Paare, die sich bereits bei mir im systemischen Paartherapieprozess befinden:<\/h4>\n<ul>\n<li>Sie wechseln von der sprachlichen Ebene hin zum sinnlich- k\u00f6rpersprachlichen Beziehungserleben,<\/li>\n<li>Sie erhalten Hinweise zum Verst\u00e4ndnis Ihrer pers\u00f6nlichen Beziehungsthemen,<\/li>\n<li>Sie erleben einen neuen Blick auf Ihren Partner\/Ihre Partnerin und haben damit die Chance, sich von altem &#8216;Schubladendenken&#8217; zu verabschieden,<\/li>\n<\/ul>\n<h4>Als neues Angebot von Paartherapie:<\/h4>\n<ul>\n<li>wenn Sie Ihren Partner\/Ihre Partnerin auf eine neue Art kennen lernen wollen<\/li>\n<li>wenn Sie als Paar besser kooperieren und so die Liebe haltbarer machen wollen<\/li>\n<li>bei besonderen Belastungen der Partnerschaft durch Herkunftsfamilie oder fr\u00fchere Beziehungen.<\/li>\n<li>wenn zwar noch keine massive Paar-Krise erkennbar ist, aber Missverst\u00e4ndnisse und Auseinandersetzungen h\u00e4ufiger werden.<\/li>\n<\/ul>\n<p style=\"text-align: center;\"><a href=\"http:\/\/coachingmitpferd.de\/wordpress\/wp-content\/uploads\/2011\/09\/Paarcoaching-H%C3%A4nde.jpg\"><img loading=\"lazy\" decoding=\"async\" class=\"size-medium wp-image-289 aligncenter\" title=\"Paarcoaching H\u00e4nde\" src=\"http:\/\/coachingmitpferd.de\/wordpress\/wp-content\/uploads\/2011\/09\/Paarcoaching-H%C3%A4nde-199x300.jpg\" alt=\"Paar\u00fcbung\" width=\"179\" height=\"270\" \/><\/a><\/p>\n","protected":false},"excerpt":{"rendered":"<p>Paarcoaching Seit mehreren Jahren entwickle ich das pferdebegleitete Paarcoaching kontinuierlich weiter. Informieren Sie sich \u00fcber mein Angebot: Systemisches pferdebegleitetes Paar-Coaching SPPC Einzeltermine f\u00fcr Paare und Paar-Coaching kompakt Publikation: Pferdegest\u00fctztes Paar-Coaching (Thieme Verlag 04\/2014) Warum Paarcoaching mit Pferden? Pferde, die tagein &hellip; <a class=\"kt-excerpt-readmore\" href=\"https:\/\/coachingmitpferd.de\/wordpress\/paarcoaching\/\" aria-label=\"Paarcoaching\">Read More<\/a><\/p>\n","protected":false},"author":1,"featured_media":0,"parent":0,"menu_order":0,"comment_status":"closed","ping_status":"closed","template":"","meta":{"footnotes":""},"class_list":["post-36","page","type-page","status-publish","hentry"],"_links":{"self":[{"href":"https:\/\/coachingmitpferd.de\/wordpress\/wp-json\/wp\/v2\/pages\/36","targetHints":{"allow":["GET"]}}],"collection":[{"href":"https:\/\/coachingmitpferd.de\/wordpress\/wp-json\/wp\/v2\/pages"}],"about":[{"href":"https:\/\/coachingmitpferd.de\/wordpress\/wp-json\/wp\/v2\/types\/page"}],"author":[{"embeddable":true,"href":"https:\/\/coachingmitpferd.de\/wordpress\/wp-json\/wp\/v2\/users\/1"}],"replies":[{"embeddable":true,"href":"https:\/\/coachingmitpferd.de\/wordpress\/wp-json\/wp\/v2\/comments?post=36"}],"version-history":[{"count":70,"href":"https:\/\/coachingmitpferd.de\/wordpress\/wp-json\/wp\/v2\/pages\/36\/revisions"}],"predecessor-version":[{"id":1078,"href":"https:\/\/coachingmitpferd.de\/wordpress\/wp-json\/wp\/v2\/pages\/36\/revisions\/1078"}],"wp:attachment":[{"href":"https:\/\/coachingmitpferd.de\/wordpress\/wp-json\/wp\/v2\/media?parent=36"}],"curies":[{"name":"wp","href":"https:\/\/api.w.org\/{rel}","templated":true}]}}