{"id":43,"date":"2011-09-07T12:46:30","date_gmt":"2011-09-07T12:46:30","guid":{"rendered":"http:\/\/coachingmitpferd.de\/wordpress\/?page_id=43"},"modified":"2023-10-05T09:38:24","modified_gmt":"2023-10-05T09:38:24","slug":"qualitatsstandard","status":"publish","type":"page","link":"https:\/\/coachingmitpferd.de\/wordpress\/qualitatsstandard\/","title":{"rendered":"Qualit\u00e4tsstandard"},"content":{"rendered":"<h4>Qualit\u00e4tsstandard<\/h4>\n<p>Folgenden Qualit\u00e4tsrichtlinien (Entsprechend der Richtlinien von HorseSense international Akademie) f\u00fchle ich mich verpflichtet:<\/p>\n<ul>\n<li>Ber\u00fccksichtigung der individuellen Bed\u00fcrfnisse eines jeden Teilnehmers\/jeder Teilnehmerin. Diese werden in einem Vorabgespr\u00e4ch ermittelt.<\/li>\n<li>Die \u00dcbungen im Seminar werden auf jeden Einzelnen zugeschnitten.<\/li>\n<li>Ber\u00fccksichtigen der Bed\u00fcrfnisse des beauftragenden Unternehmens &#8211; durch ein Vorabgespr\u00e4ch werden Ausrichtung, Ziel und Ablauf des Unternehmensseminars gemeinsam erarbeitet.<\/li>\n<li>Gew\u00e4hrleistung der Praxisrelevanz &#8211; der Transfer vom Seminar in die Praxis findet schon w\u00e4hrend des Trainings statt und wird durch die Nachcoachings noch gefestigt. Die Coachings\/Trainings sollen konkret auf die individuelle Situation des Teilnehmers \u00fcbertragbar sein.<\/li>\n<li>Gew\u00e4hrleistung der Nachhaltigkeit &#8211; Durch das Angebot an Nachcoachings soll das \u00dcbertragen der Erfahrungen und der Ergebnisse in die Praxis unterst\u00fctzt werden.<\/li>\n<li>Wertsch\u00e4tzung und Vorsicht &#8211; jeder Teilnehmer erh\u00e4lt nur soweit Einblick in seine Pers\u00f6nlichkeit, wie er verkraften kann. Das Feedback ist zu jeder Zeit wertsch\u00e4tzend.<\/li>\n<li>Auf die Sicherheit und Unversehrtheit der TeilnehmerInnen wird das ganze Seminar \u00fcber genauestens geachtet.<\/li>\n<li>Daher sind bei Trainings mit Pferden bei mehr als zwei TeilnehmerInnen stets 2 Trainer\/Coaches vorhanden.<\/li>\n<li>Mit Informationen der TeilnehmerInnen und des Auftraggebers wird vertrauensvoll umgegangen, die Ma\u00dfgaben des Datenschutzes werden eingehalten.<\/li>\n<li>Coachings und Trainings f\u00fchren wir nur dann durch, wenn alle notwendigen Kompetenzen vorhanden sind. Sind Kompetenzen nicht vorhanden, wird das Coaching\/Training abgesagt oder eine kompetente Person hinzugezogen.<\/li>\n<li>Kunden\/Klienten werden \u00fcber die M\u00f6glichkeiten und Grenzen des beabsichtigten Coachings\/Trainings aufrichtig informiert.<\/li>\n<li>Der Wert und die W\u00fcrde eines jeden Menschen und der Pferde sowie dessen Recht auf Selbstbestimmung wird respektiert.<\/li>\n<li>Trainer\/Coaches lassen ihre Arbeit regelm\u00e4\u00dfig supervidieren.<\/li>\n<li>Die Pferde werden artgerecht gehalten und regelm\u00e4\u00dfig geritten\/gymnastiziert, damit sie physisch und psychisch in der Lage sind, die Coachings unbeschadet zu durchlaufen und kein Sicherheitsrisiko f\u00fcr die TeilnehmerInnen darstellen.<\/li>\n<\/ul>\n","protected":false},"excerpt":{"rendered":"<p>Qualit\u00e4tsstandard Folgenden Qualit\u00e4tsrichtlinien (Entsprechend der Richtlinien von HorseSense international Akademie) f\u00fchle ich mich verpflichtet: Ber\u00fccksichtigung der individuellen Bed\u00fcrfnisse eines jeden Teilnehmers\/jeder Teilnehmerin. Diese werden in einem Vorabgespr\u00e4ch ermittelt. Die \u00dcbungen im Seminar werden auf jeden Einzelnen zugeschnitten. Ber\u00fccksichtigen der Bed\u00fcrfnisse &hellip; <a class=\"kt-excerpt-readmore\" href=\"https:\/\/coachingmitpferd.de\/wordpress\/qualitatsstandard\/\" aria-label=\"Qualit\u00e4tsstandard\">Read More<\/a><\/p>\n","protected":false},"author":1,"featured_media":0,"parent":0,"menu_order":0,"comment_status":"closed","ping_status":"closed","template":"","meta":{"footnotes":""},"class_list":["post-43","page","type-page","status-publish","hentry"],"_links":{"self":[{"href":"https:\/\/coachingmitpferd.de\/wordpress\/wp-json\/wp\/v2\/pages\/43","targetHints":{"allow":["GET"]}}],"collection":[{"href":"https:\/\/coachingmitpferd.de\/wordpress\/wp-json\/wp\/v2\/pages"}],"about":[{"href":"https:\/\/coachingmitpferd.de\/wordpress\/wp-json\/wp\/v2\/types\/page"}],"author":[{"embeddable":true,"href":"https:\/\/coachingmitpferd.de\/wordpress\/wp-json\/wp\/v2\/users\/1"}],"replies":[{"embeddable":true,"href":"https:\/\/coachingmitpferd.de\/wordpress\/wp-json\/wp\/v2\/comments?post=43"}],"version-history":[{"count":15,"href":"https:\/\/coachingmitpferd.de\/wordpress\/wp-json\/wp\/v2\/pages\/43\/revisions"}],"predecessor-version":[{"id":1415,"href":"https:\/\/coachingmitpferd.de\/wordpress\/wp-json\/wp\/v2\/pages\/43\/revisions\/1415"}],"wp:attachment":[{"href":"https:\/\/coachingmitpferd.de\/wordpress\/wp-json\/wp\/v2\/media?parent=43"}],"curies":[{"name":"wp","href":"https:\/\/api.w.org\/{rel}","templated":true}]}}