{"id":45,"date":"2011-09-07T12:49:44","date_gmt":"2011-09-07T12:49:44","guid":{"rendered":"http:\/\/coachingmitpferd.de\/wordpress\/?page_id=45"},"modified":"2023-10-05T09:37:22","modified_gmt":"2023-10-05T09:37:22","slug":"ausfuhrlich","status":"publish","type":"page","link":"https:\/\/coachingmitpferd.de\/wordpress\/ausfuhrlich\/","title":{"rendered":"Ausf\u00fchrlich"},"content":{"rendered":"<h4><strong>Was ist Coaching mit Pferd?<\/strong><\/h4>\n<p><em>Coaching mit Pferd<\/em> ist eine erlebnisorientierte, faszinierende und sehr ber\u00fchrende Arbeit an der Pers\u00f6nlichkeitsentwicklung. Pferde sprechen unser limbisches System im Gehirn an. Dort ist der direkte Zugang zu unseren Emotionen und zu unserer Intuition. Hier h\u00e4lt unser Unbewusstes den Schl\u00fcssel f\u00fcr die richtige Entscheidung oder auch die M\u00f6glichkeiten f\u00fcr nachhaltige Ver\u00e4nderung bereit. Da es nicht den Umweg \u00fcber Worte und Analysen nimmt, ist <em>Coaching mit Pferd<\/em> \u00fcberraschend effizient und zeitsparend. <a title=\"Teilnehmerstimmen\" href=\"http:\/\/coachingmitpferd.de\/wordpress\/?page_id=451\">Teilnehmerstimmen&#8230;<\/a><\/p>\n<p><a href=\"http:\/\/coachingmitpferd.de\/wordpress\/wp-content\/uploads\/2011\/09\/Herdenverband1.png\"><img loading=\"lazy\" decoding=\"async\" class=\"alignleft size-medium wp-image-334\" title=\"Herdenverband\" src=\"http:\/\/coachingmitpferd.de\/wordpress\/wp-content\/uploads\/2011\/09\/Herdenverband1-300x77.png\" alt=\"Herdenverband\" width=\"300\" height=\"77\" srcset=\"https:\/\/coachingmitpferd.de\/wordpress\/wp-content\/uploads\/2011\/09\/Herdenverband1-300x77.png 300w, https:\/\/coachingmitpferd.de\/wordpress\/wp-content\/uploads\/2011\/09\/Herdenverband1.png 400w\" sizes=\"auto, (max-width: 300px) 100vw, 300px\" \/><\/a><\/p>\n<p><strong>Wie l\u00e4uft Coaching mit Pferd ab?<\/strong><\/p>\n<p>Die Begegnung Mensch-Pferd findet in einem abgegrenzten 12x20m gro\u00dfen Geviert statt. Die Pferde laufen frei und sind entsprechend auch frei in der Kontaktaufnahme. Die TeilnehmerInnen absolvieren einzeln, als Paar oder als Team mit den Pferden \u00dcbungsfolgen zu Fu\u00df. <em>Es wird nicht geritten!<\/em>. Dabei geht es um Themen wie:<\/p>\n<p>Aufmerksamkeit einfordern \/ Meinen Platz behaupten \/ Vertrauen erwerben \/ Bindung herstellen \/ Motivieren \/ Lebendigkeit und Bewegungslust erfahren \/ Ziele fokussieren und durchsetzen \/ Misserfolge verarbeiten \/ Klare Auftr\u00e4ge erteilen \/ Druck angemessen einsetzen.<\/p>\n<div>Hier gibt meine Kollegin Anette Dielmann Einblicke in die Methode:<\/div>\n<p><a title=\"Pers\u00f6nlichkeitsentwicklung mit Pferden\" href=\"http:\/\/www.youtube.com\/watch?v=zrUg18gtd_Y\">https:\/\/www.youtube.com\/watch?v=zrUg18gtd_Y<\/a><\/p>\n<p><a href=\"http:\/\/coachingmitpferd.de\/wordpress\/wp-content\/uploads\/2011\/09\/Was-ist-Coaching-mit-Pferd.png\"><img loading=\"lazy\" decoding=\"async\" class=\"alignright size-medium wp-image-312\" title=\"Was ist Coaching mit Pferd\" src=\"http:\/\/coachingmitpferd.de\/wordpress\/wp-content\/uploads\/2011\/09\/Was-ist-Coaching-mit-Pferd-300x297.png\" alt=\"Menschen- und Pferdebeine\" width=\"224\" height=\"221\" srcset=\"https:\/\/coachingmitpferd.de\/wordpress\/wp-content\/uploads\/2011\/09\/Was-ist-Coaching-mit-Pferd-300x297.png 300w, https:\/\/coachingmitpferd.de\/wordpress\/wp-content\/uploads\/2011\/09\/Was-ist-Coaching-mit-Pferd-303x300.png 303w, https:\/\/coachingmitpferd.de\/wordpress\/wp-content\/uploads\/2011\/09\/Was-ist-Coaching-mit-Pferd.png 404w\" sizes=\"auto, (max-width: 224px) 100vw, 224px\" \/><\/a><\/p>\n<p><strong>Angebote:<\/strong><\/p>\n<ul>\n<li>Einzelcoaching<\/li>\n<li>Paarcoaching<\/li>\n<li>Tagesseminare<\/li>\n<\/ul>\n<p><strong>Nach-Coaching<\/strong><\/p>\n<p>Im angeschlossenen <em>Nach-Coaching<\/em> steht der Transfer der Erkenntnisse in die individuellen Lebenszusammenh\u00e4nge im Vordergrund: Wann habe ich mich am st\u00e4rksten in meinem Potential erlebt?\u00a0 Welche Reaktion der Pferde hat mich verunsichert und warum? Welche Strategien habe ich zur Verf\u00fcgung \u2013 welche brauche ich noch? Konkrete Ver\u00e4nderungsschritte k\u00f6nnen geplant werden. Ziel ist die Stabilisierung der neuen Erfahrung.<br \/>\nIn der <strong>Videoanalyse<\/strong> werden subjektive Erfahrungen dem objektiven Blick der Kamera gegen\u00fcbergestellt. Die menschliche K\u00f6rpersprache und die Reaktion der Pferde kann detailiert verfolgt werden.<\/p>\n<p><strong>Es sind keine Reit- oder Pferdekenntnisse erforderlich.<br \/>\n<\/strong><strong>Die Pferde werden nicht geritten!<\/strong><\/p>\n<p><strong>Kleidung<\/strong>: Bequeme Freizeitkleidung, die der Witterung angemessen ist (das Coaching findet auf dem Outdoor-Gel\u00e4nde statt). Robuste Schuhe sind unbedingt erforderlich.<\/p>\n","protected":false},"excerpt":{"rendered":"<p>Was ist Coaching mit Pferd? Coaching mit Pferd ist eine erlebnisorientierte, faszinierende und sehr ber\u00fchrende Arbeit an der Pers\u00f6nlichkeitsentwicklung. Pferde sprechen unser limbisches System im Gehirn an. Dort ist der direkte Zugang zu unseren Emotionen und zu unserer Intuition. Hier &hellip; <a class=\"kt-excerpt-readmore\" href=\"https:\/\/coachingmitpferd.de\/wordpress\/ausfuhrlich\/\" aria-label=\"Ausf\u00fchrlich\">Read More<\/a><\/p>\n","protected":false},"author":1,"featured_media":0,"parent":0,"menu_order":0,"comment_status":"closed","ping_status":"closed","template":"","meta":{"footnotes":""},"class_list":["post-45","page","type-page","status-publish","hentry"],"_links":{"self":[{"href":"https:\/\/coachingmitpferd.de\/wordpress\/wp-json\/wp\/v2\/pages\/45","targetHints":{"allow":["GET"]}}],"collection":[{"href":"https:\/\/coachingmitpferd.de\/wordpress\/wp-json\/wp\/v2\/pages"}],"about":[{"href":"https:\/\/coachingmitpferd.de\/wordpress\/wp-json\/wp\/v2\/types\/page"}],"author":[{"embeddable":true,"href":"https:\/\/coachingmitpferd.de\/wordpress\/wp-json\/wp\/v2\/users\/1"}],"replies":[{"embeddable":true,"href":"https:\/\/coachingmitpferd.de\/wordpress\/wp-json\/wp\/v2\/comments?post=45"}],"version-history":[{"count":18,"href":"https:\/\/coachingmitpferd.de\/wordpress\/wp-json\/wp\/v2\/pages\/45\/revisions"}],"predecessor-version":[{"id":1410,"href":"https:\/\/coachingmitpferd.de\/wordpress\/wp-json\/wp\/v2\/pages\/45\/revisions\/1410"}],"wp:attachment":[{"href":"https:\/\/coachingmitpferd.de\/wordpress\/wp-json\/wp\/v2\/media?parent=45"}],"curies":[{"name":"wp","href":"https:\/\/api.w.org\/{rel}","templated":true}]}}