{"id":599,"date":"2014-08-14T21:02:37","date_gmt":"2014-08-14T21:02:37","guid":{"rendered":"http:\/\/coachingmitpferd.de\/wordpress\/?page_id=599"},"modified":"2023-10-05T09:39:11","modified_gmt":"2023-10-05T09:39:11","slug":"sppc-modul","status":"publish","type":"page","link":"https:\/\/coachingmitpferd.de\/wordpress\/sppc-modul\/","title":{"rendered":"SPPC Modul"},"content":{"rendered":"<h4><strong>Systemisches pferdebegleitetes Paar-Coaching (SPPC)<\/strong><\/h4>\n<p>Eine neue, erlebnisorientierte Methode der Paartherapie<br \/>\nF\u00fcr<strong> Liebespaare<\/strong>,<a href=\"http:\/\/coachingmitpferd.de\/wordpress\/wp-content\/uploads\/2011\/09\/Sozialkontakt1.png\"><img loading=\"lazy\" decoding=\"async\" class=\"alignright\" title=\"Paargespr\u00e4ch\" src=\"http:\/\/coachingmitpferd.de\/wordpress\/wp-content\/uploads\/2011\/09\/Sozialkontakt1-225x300.png\" alt=\"\" width=\"224\" height=\"286\" \/><\/a><\/p>\n<ul>\n<li>die gerade in einer akuten Krise sind und diese zur Weiterentwicklung n\u00fctzen wollen<\/li>\n<li>die schon l\u00e4ngere Zeit unzufrieden mit ihrer Beziehung sind und nach neuen Impulsen suchen.<\/li>\n<li>die sich f\u00fcr ihre Partnerschaft neue Anregungen w\u00fcnschen<\/li>\n<\/ul>\n<p>F\u00fcr <strong>berufliche &#8216;Partnerschaften&#8217;<\/strong><\/p>\n<ul>\n<li>Kollegen, die sich einen Arbeitsplatz teilen<\/li>\n<li>Gesch\u00e4ftspartner<\/li>\n<li>F\u00fchrungskr\u00e4fte auf gleicher Leitungsebene<\/li>\n<\/ul>\n<p><strong>SPPC ist eine von mir entwickelte Methode, die herk\u00f6mmliche paartherapeutische Gespr\u00e4chssitzungen kombiniert mit pferdebegleitetem Paar-Coaching. <\/strong>Sie wurde von mir vier Jahre lang erforscht. Die sehr \u00fcberzeugenden Auswertungs-Ergebnisse finden Sie hier:\u00a0 <a href=\"http:\/\/coachingmitpferd.de\/wordpress\/wp-content\/uploads\/2014\/08\/SPPC-Studie-2011-2015.odt\">SPPC Studie 2011-2015<\/a><\/p>\n<p>Das SPPC-Setting bietet Ihnen:<\/p>\n<ul>\n<li>einen \u00fcberschaubaren Zeitrahmen (7 Sitzungen verteilt auf ca. 2-4 Monate)<\/li>\n<li>eine Kombination aus Einzel- und Gruppen-Sitzungen: 5 Einzel-Gespr\u00e4chssitzungen sind Ihnen als einzelnem Paar und Ihrem beraterischen Prozess vorbehalten, w\u00e4hrend am Paar-Coaching mit Pferd (2 Termine) zwei Paare gemeinsam teilnehmen k\u00f6nnen. Dabei arbeitet jedes Paar an seinen Themen und profitiert von den Erfahrungen und den R\u00fcckmeldungen des anderen Paares.<\/li>\n<li>reduzierte Kosten verglichen mit Einzelbuchungen<\/li>\n<\/ul>\n<p><strong>Zeiten:<\/strong> F\u00fcr die 5 Gespr\u00e4chssitzungen vereinbare ich mit Ihnen individuelle Termine.<br \/>\nDie 2 Termine Paarcoaching mit Pferd finden <strong>freitags 15.00h &#8211; 17.00h oder samstags 10-12h\u00a0<\/strong> statt.<\/p>\n<p><strong>Ort<\/strong>: Mein Outdoorgel\u00e4nde (Sandplatz und \u00fcberdachter Sitzbereich) Pferdehof Hohenentringen.<br \/>\n<strong>Kosten<\/strong>:<br \/>\nPaar-Coaching mit Pferd (jew. 2 Zeitstunden): 225,- \u20ac\/Paar und Termin<br \/>\nGespr\u00e4chssitzungen (jew. 90min): 155,-\u20ac \/Paar und Termin.<br \/>\nJeder Termin wird einzeln abgerechnet. Eine Unterbrechung oder Beendigung dieses Moduls ist von Teilnehmerseite aus jederzeit m\u00f6glich. Aus Wettergr\u00fcnden kann sich von Veranstalterseite aus eine Verlegung des Termins ergeben. Siehe Teilnahmebedingungen.<br \/>\n<strong>Bitte beachten Sie<\/strong>: Aufgrund des erlebnisorientierten und kompakten Settings empfehle ich nach Abschluss von SPPC eine Umsetzungsphase in Ihren Paar-Alltag von ca. zwei Monaten.\u00a0 Danach haben Sie bei Bedarf die Gelegenheit, weitere Paartherapie-Sitzungen oder eine Fortf\u00fchrung von SPPC mit mir zu vereinbaren.<br \/>\nAnmelden k\u00f6nnen Sie sich telefonisch, per Fax oder E-Mail. Hier erfahren Sie meine<a title=\"Kontakt\" href=\"http:\/\/coachingmitpferd.de\/wordpress\/?page_id=12\"> Kontakt<\/a>daten&#8230; F\u00fcr weitere Informationen stehe ich Ihnen gerne zur Verf\u00fcgung: <a href=\"mailto:b-j.o@t-online.de\">b-j.o@t-online.de<\/a><\/p>\n","protected":false},"excerpt":{"rendered":"<p>Systemisches pferdebegleitetes Paar-Coaching (SPPC) Eine neue, erlebnisorientierte Methode der Paartherapie F\u00fcr Liebespaare, die gerade in einer akuten Krise sind und diese zur Weiterentwicklung n\u00fctzen wollen die schon l\u00e4ngere Zeit unzufrieden mit ihrer Beziehung sind und nach neuen Impulsen suchen. die &hellip; <a class=\"kt-excerpt-readmore\" href=\"https:\/\/coachingmitpferd.de\/wordpress\/sppc-modul\/\" aria-label=\"SPPC Modul\">Read More<\/a><\/p>\n","protected":false},"author":1,"featured_media":0,"parent":0,"menu_order":0,"comment_status":"closed","ping_status":"closed","template":"","meta":{"footnotes":""},"class_list":["post-599","page","type-page","status-publish","hentry"],"_links":{"self":[{"href":"https:\/\/coachingmitpferd.de\/wordpress\/wp-json\/wp\/v2\/pages\/599","targetHints":{"allow":["GET"]}}],"collection":[{"href":"https:\/\/coachingmitpferd.de\/wordpress\/wp-json\/wp\/v2\/pages"}],"about":[{"href":"https:\/\/coachingmitpferd.de\/wordpress\/wp-json\/wp\/v2\/types\/page"}],"author":[{"embeddable":true,"href":"https:\/\/coachingmitpferd.de\/wordpress\/wp-json\/wp\/v2\/users\/1"}],"replies":[{"embeddable":true,"href":"https:\/\/coachingmitpferd.de\/wordpress\/wp-json\/wp\/v2\/comments?post=599"}],"version-history":[{"count":26,"href":"https:\/\/coachingmitpferd.de\/wordpress\/wp-json\/wp\/v2\/pages\/599\/revisions"}],"predecessor-version":[{"id":1417,"href":"https:\/\/coachingmitpferd.de\/wordpress\/wp-json\/wp\/v2\/pages\/599\/revisions\/1417"}],"wp:attachment":[{"href":"https:\/\/coachingmitpferd.de\/wordpress\/wp-json\/wp\/v2\/media?parent=599"}],"curies":[{"name":"wp","href":"https:\/\/api.w.org\/{rel}","templated":true}]}}