{"id":6,"date":"2011-09-07T11:11:13","date_gmt":"2011-09-07T11:11:13","guid":{"rendered":"http:\/\/coachingmitpferd.de\/wordpress\/?page_id=6"},"modified":"2023-10-05T09:38:38","modified_gmt":"2023-10-05T09:38:38","slug":"angebot","status":"publish","type":"page","link":"https:\/\/coachingmitpferd.de\/wordpress\/angebot\/","title":{"rendered":"Angebot"},"content":{"rendered":"<h4>Angebot<\/h4>\n<p><strong><a href=\"http:\/\/coachingmitpferd.de\/wordpress\/wp-content\/uploads\/2011\/09\/viki_08.jpg\"><img loading=\"lazy\" decoding=\"async\" class=\"alignright size-medium wp-image-890\" title=\"viki_08\" src=\"http:\/\/coachingmitpferd.de\/wordpress\/wp-content\/uploads\/2011\/09\/viki_08-300x200.jpg\" alt=\"\" width=\"300\" height=\"200\" srcset=\"https:\/\/coachingmitpferd.de\/wordpress\/wp-content\/uploads\/2011\/09\/viki_08-300x200.jpg 300w, https:\/\/coachingmitpferd.de\/wordpress\/wp-content\/uploads\/2011\/09\/viki_08-1024x682.jpg 1024w, https:\/\/coachingmitpferd.de\/wordpress\/wp-content\/uploads\/2011\/09\/viki_08-450x300.jpg 450w\" sizes=\"auto, (max-width: 300px) 100vw, 300px\" \/><\/a><br \/>\n<\/strong>Coaching mit Pferd findet statt auf meinem landschaftlich reizvoll gelegenen Outdoorgel\u00e4nde beim Schloss Hohenentringen, ca 5km von T\u00fcbingen entfernt. Das Arbeitsviereck, in dem die Begegnung mit den Pferden stattfindet, steht in dieser Zeit nur f\u00fcr <em>diese Arbeit<\/em> zur Verf\u00fcgung. Das verschafft den TeilnehmerInnen und den Pferden die n\u00f6tige Ruhe und Intimit\u00e4t. Vor- und Nachgespr\u00e4che sowie die Videoanalysen finden entweder im beheizbaren Sch\u00e4ferwagen gleich neben dem Arbeitsviereck statt oder in meiner Praxis in Ammerbuch-Entringen.<\/p>\n<p><a title=\"Teilnehmerstimmen\" href=\"http:\/\/coachingmitpferd.de\/wordpress\/?page_id=451\">Teilnehmerstimmen&#8230;<\/a><\/p>\n<p>Informieren Sie sich detailliert \u00fcber mein Angebot:<\/p>\n<ul>\n<li><a title=\"Einzelcoaching\" href=\"http:\/\/coachingmitpferd.de\/wordpress\/?page_id=34\">Einzelcoaching<\/a><\/li>\n<li><a title=\"Paarcoaching\" href=\"http:\/\/coachingmitpferd.de\/wordpress\/?page_id=36\">Paarcoaching<\/a><\/li>\n<li><a title=\"Seminare\" href=\"http:\/\/coachingmitpferd.de\/wordpress\/?page_id=122\">Gruppen-Seminare<\/a><\/li>\n<\/ul>\n","protected":false},"excerpt":{"rendered":"<p>Angebot Coaching mit Pferd findet statt auf meinem landschaftlich reizvoll gelegenen Outdoorgel\u00e4nde beim Schloss Hohenentringen, ca 5km von T\u00fcbingen entfernt. Das Arbeitsviereck, in dem die Begegnung mit den Pferden stattfindet, steht in dieser Zeit nur f\u00fcr diese Arbeit zur Verf\u00fcgung. &hellip; <a class=\"kt-excerpt-readmore\" href=\"https:\/\/coachingmitpferd.de\/wordpress\/angebot\/\" aria-label=\"Angebot\">Read More<\/a><\/p>\n","protected":false},"author":1,"featured_media":0,"parent":0,"menu_order":1,"comment_status":"closed","ping_status":"closed","template":"","meta":{"footnotes":""},"class_list":["post-6","page","type-page","status-publish","hentry"],"_links":{"self":[{"href":"https:\/\/coachingmitpferd.de\/wordpress\/wp-json\/wp\/v2\/pages\/6","targetHints":{"allow":["GET"]}}],"collection":[{"href":"https:\/\/coachingmitpferd.de\/wordpress\/wp-json\/wp\/v2\/pages"}],"about":[{"href":"https:\/\/coachingmitpferd.de\/wordpress\/wp-json\/wp\/v2\/types\/page"}],"author":[{"embeddable":true,"href":"https:\/\/coachingmitpferd.de\/wordpress\/wp-json\/wp\/v2\/users\/1"}],"replies":[{"embeddable":true,"href":"https:\/\/coachingmitpferd.de\/wordpress\/wp-json\/wp\/v2\/comments?post=6"}],"version-history":[{"count":22,"href":"https:\/\/coachingmitpferd.de\/wordpress\/wp-json\/wp\/v2\/pages\/6\/revisions"}],"predecessor-version":[{"id":1416,"href":"https:\/\/coachingmitpferd.de\/wordpress\/wp-json\/wp\/v2\/pages\/6\/revisions\/1416"}],"wp:attachment":[{"href":"https:\/\/coachingmitpferd.de\/wordpress\/wp-json\/wp\/v2\/media?parent=6"}],"curies":[{"name":"wp","href":"https:\/\/api.w.org\/{rel}","templated":true}]}}