{"id":601,"date":"2014-08-14T21:04:24","date_gmt":"2014-08-14T21:04:24","guid":{"rendered":"http:\/\/coachingmitpferd.de\/wordpress\/?page_id=601"},"modified":"2019-01-02T13:59:32","modified_gmt":"2019-01-02T13:59:32","slug":"paarcoaching-mit-pferd","status":"publish","type":"page","link":"https:\/\/coachingmitpferd.de\/wordpress\/paarcoaching-mit-pferd\/","title":{"rendered":"Einzeltermine Paarcoaching mit Pferd"},"content":{"rendered":"<p>&nbsp;<\/p>\n<p><strong><a href=\"http:\/\/coachingmitpferd.de\/wordpress\/wp-content\/uploads\/2011\/09\/Paarcoaching-H\u00e4nde2.jpg\"><img loading=\"lazy\" decoding=\"async\" class=\"alignleft\" title=\"Kooperieren\" src=\"http:\/\/coachingmitpferd.de\/wordpress\/wp-content\/uploads\/2011\/09\/Paarcoaching-H\u00e4nde2-199x300.jpg\" alt=\"\" width=\"117\" height=\"173\" \/><\/a>Einzeltermine Paar-Coaching mit Pferd<\/strong><br \/>\nZwei Pferde stehen Ihnen als Paar mit Ihrem pers\u00f6nlichen Anliegen zur Verf\u00fcgung.<br \/>\nKosten pro Termin (90min): \u20ac 290,- (inkl. MwSt)<\/p>\n<p><strong>Paar-Coaching mit Pferd kompakt<\/strong><br \/>\nDrei Termine: Vorgespr\u00e4ch, pferdebegleiteter Termin und Nachgespr\u00e4ch. Auch am Wochenende m\u00f6glich. Fragen Sie gerne nach<br \/>\nOrt: Pferdehof Hohenentringen. <a title=\"Wegbeschreibung\" href=\"http:\/\/coachingmitpferd.de\/wordpress\/?page_id=32\">Wegbeschreibung<\/a><\/p>\n<p>Interesse? Nehmen Sie mit mir <a title=\"Kontakt\" href=\"http:\/\/coachingmitpferd.de\/wordpress\/?page_id=12\">Kontakt<\/a> auf<\/p>\n","protected":false},"excerpt":{"rendered":"<p>&nbsp; Einzeltermine Paar-Coaching mit Pferd Zwei Pferde stehen Ihnen als Paar mit Ihrem pers\u00f6nlichen Anliegen zur Verf\u00fcgung. Kosten pro Termin (90min): \u20ac 290,- (inkl. MwSt) Paar-Coaching mit Pferd kompakt Drei Termine: Vorgespr\u00e4ch, pferdebegleiteter Termin und Nachgespr\u00e4ch. Auch am Wochenende m\u00f6glich. &hellip; <a class=\"kt-excerpt-readmore\" href=\"https:\/\/coachingmitpferd.de\/wordpress\/paarcoaching-mit-pferd\/\" aria-label=\"Einzeltermine Paarcoaching mit Pferd\">Read More<\/a><\/p>\n","protected":false},"author":1,"featured_media":0,"parent":0,"menu_order":0,"comment_status":"closed","ping_status":"closed","template":"","meta":{"footnotes":""},"class_list":["post-601","page","type-page","status-publish","hentry"],"_links":{"self":[{"href":"https:\/\/coachingmitpferd.de\/wordpress\/wp-json\/wp\/v2\/pages\/601","targetHints":{"allow":["GET"]}}],"collection":[{"href":"https:\/\/coachingmitpferd.de\/wordpress\/wp-json\/wp\/v2\/pages"}],"about":[{"href":"https:\/\/coachingmitpferd.de\/wordpress\/wp-json\/wp\/v2\/types\/page"}],"author":[{"embeddable":true,"href":"https:\/\/coachingmitpferd.de\/wordpress\/wp-json\/wp\/v2\/users\/1"}],"replies":[{"embeddable":true,"href":"https:\/\/coachingmitpferd.de\/wordpress\/wp-json\/wp\/v2\/comments?post=601"}],"version-history":[{"count":7,"href":"https:\/\/coachingmitpferd.de\/wordpress\/wp-json\/wp\/v2\/pages\/601\/revisions"}],"predecessor-version":[{"id":609,"href":"https:\/\/coachingmitpferd.de\/wordpress\/wp-json\/wp\/v2\/pages\/601\/revisions\/609"}],"wp:attachment":[{"href":"https:\/\/coachingmitpferd.de\/wordpress\/wp-json\/wp\/v2\/media?parent=601"}],"curies":[{"name":"wp","href":"https:\/\/api.w.org\/{rel}","templated":true}]}}