{"id":648,"date":"2015-04-14T13:04:08","date_gmt":"2015-04-14T13:04:08","guid":{"rendered":"http:\/\/coachingmitpferd.de\/wordpress\/?page_id=648"},"modified":"2026-03-10T16:17:02","modified_gmt":"2026-03-10T16:17:02","slug":"veroffentlichungen","status":"publish","type":"page","link":"https:\/\/coachingmitpferd.de\/wordpress\/veroffentlichungen\/","title":{"rendered":"Publikationen"},"content":{"rendered":"<h1><strong>Publikationen<\/strong><\/h1>\n<p><strong><a href=\"http:\/\/coachingmitpferd.de\/wordpress\/wp-content\/uploads\/2015\/04\/Pferdegest\u00fctztes-Paar-Coaching.pdf\">Pferdegest\u00fctztes Paar-Coaching<\/a><\/strong><\/p>\n<p>Jellouschek-Otto, Bettina (2016): Pferdegest\u00fctztes Paar-Coaching \u2013 Wie Paare durch den Kontakt mit Pferden einen neuen Zugang zueinander finden. In: Lohkamp, L.; Raeck, H. (Hrsg.): Tore und Br\u00fccken zur Welt \u2013 DGTA Reader, S. 139-149.<\/p>\n<p><strong><a href=\"http:\/\/coachingmitpferd.de\/wordpress\/wp-content\/uploads\/2015\/04\/31_pid_2014_04_Jellouschek-Otto.pdf\">Pferdegest\u00fctztes Paar-Coaching<\/a><\/strong><\/p>\n<p>Jellouschek-Otto, Bettina (2014): Pferdegest\u00fctztes Paar-Coaching \u2013 Wie Pferde Paaren zu mehr Kooperationsf\u00e4higkeit und zu tragf\u00e4higen Konfliktl\u00f6sungen verhelfen k\u00f6nnen. In: Psychotherapie im Dialog. Ausgabe 04\/2014, S. 86-89.<\/p>\n<p>Jellouschek-Otto, B.; Dielmann, A. (2019): Skript-Arbeit mit Pferdebegleitung \u2013 Halt und Haltung entwickeln im Hier und Jetzt. In Scheurenbrand, C. (Hrsg.): Halt und Haltung \u2013DGTA Reader, S. 151- 157.<a href=\"https:\/\/coachingmitpferd.de\/wordpress\/wp-content\/uploads\/2015\/04\/DGTA-Reader-2016.pdf\">DGTA-Reader 2016<\/a><\/p>\n<h2><\/h2>\n","protected":false},"excerpt":{"rendered":"<p>Publikationen Pferdegest\u00fctztes Paar-Coaching Jellouschek-Otto, Bettina (2016): Pferdegest\u00fctztes Paar-Coaching \u2013 Wie Paare durch den Kontakt mit Pferden einen neuen Zugang zueinander finden. In: Lohkamp, L.; Raeck, H. (Hrsg.): Tore und Br\u00fccken zur Welt \u2013 DGTA Reader, S. 139-149. Pferdegest\u00fctztes Paar-Coaching Jellouschek-Otto, &hellip; <a class=\"kt-excerpt-readmore\" href=\"https:\/\/coachingmitpferd.de\/wordpress\/veroffentlichungen\/\" aria-label=\"Publikationen\">Read More<\/a><\/p>\n","protected":false},"author":1,"featured_media":0,"parent":0,"menu_order":0,"comment_status":"closed","ping_status":"closed","template":"","meta":{"footnotes":""},"class_list":["post-648","page","type-page","status-publish","hentry"],"_links":{"self":[{"href":"https:\/\/coachingmitpferd.de\/wordpress\/wp-json\/wp\/v2\/pages\/648","targetHints":{"allow":["GET"]}}],"collection":[{"href":"https:\/\/coachingmitpferd.de\/wordpress\/wp-json\/wp\/v2\/pages"}],"about":[{"href":"https:\/\/coachingmitpferd.de\/wordpress\/wp-json\/wp\/v2\/types\/page"}],"author":[{"embeddable":true,"href":"https:\/\/coachingmitpferd.de\/wordpress\/wp-json\/wp\/v2\/users\/1"}],"replies":[{"embeddable":true,"href":"https:\/\/coachingmitpferd.de\/wordpress\/wp-json\/wp\/v2\/comments?post=648"}],"version-history":[{"count":20,"href":"https:\/\/coachingmitpferd.de\/wordpress\/wp-json\/wp\/v2\/pages\/648\/revisions"}],"predecessor-version":[{"id":1569,"href":"https:\/\/coachingmitpferd.de\/wordpress\/wp-json\/wp\/v2\/pages\/648\/revisions\/1569"}],"wp:attachment":[{"href":"https:\/\/coachingmitpferd.de\/wordpress\/wp-json\/wp\/v2\/media?parent=648"}],"curies":[{"name":"wp","href":"https:\/\/api.w.org\/{rel}","templated":true}]}}