{"id":786,"date":"2016-08-20T10:16:46","date_gmt":"2016-08-20T10:16:46","guid":{"rendered":"http:\/\/coachingmitpferd.de\/wordpress\/?page_id=786"},"modified":"2023-10-05T09:37:59","modified_gmt":"2023-10-05T09:37:59","slug":"was-ist-transaktionsanalyse","status":"publish","type":"page","link":"https:\/\/coachingmitpferd.de\/wordpress\/was-ist-transaktionsanalyse\/","title":{"rendered":"Was ist Transaktionsanalyse?"},"content":{"rendered":"<h4>Transaktionsanalyse ist<\/h4>\n<ul>\n<li>eine psychologische Methode, die Menschen dabei unterst\u00fctzt, effektiver zu kommunizieren.<\/li>\n<li>ein Pers\u00f6nlichkeitskonzept das hilft, innere Prozesse und lebensgeschichtliche Entwicklungen zu verstehen.<\/li>\n<li>rel\u00e4utert, wie Menschen unbewusst und &#8220;wie auf Knopfdruck&#8221; Beziehung gestalten.<\/li>\n<li>ein umfassendes Beratungskonzept, das individuelles Wachstum unterst\u00fctzt.<\/li>\n<\/ul>\n<p>Interesse an mehr Infos? Lesen Sie weiter auf der offiziellen Website der Deutschen Gesellschaft f\u00fcr Transaktionsanalyse<a href=\"http:\/\/www.dgta.de\"> DGTA<\/a>&#8230;<\/p>\n","protected":false},"excerpt":{"rendered":"<p>Transaktionsanalyse ist eine psychologische Methode, die Menschen dabei unterst\u00fctzt, effektiver zu kommunizieren. ein Pers\u00f6nlichkeitskonzept das hilft, innere Prozesse und lebensgeschichtliche Entwicklungen zu verstehen. rel\u00e4utert, wie Menschen unbewusst und &#8220;wie auf Knopfdruck&#8221; Beziehung gestalten. ein umfassendes Beratungskonzept, das individuelles Wachstum unterst\u00fctzt. &hellip; <a class=\"kt-excerpt-readmore\" href=\"https:\/\/coachingmitpferd.de\/wordpress\/was-ist-transaktionsanalyse\/\" aria-label=\"Was ist Transaktionsanalyse?\">Read More<\/a><\/p>\n","protected":false},"author":1,"featured_media":0,"parent":0,"menu_order":0,"comment_status":"closed","ping_status":"closed","template":"","meta":{"footnotes":""},"class_list":["post-786","page","type-page","status-publish","hentry"],"_links":{"self":[{"href":"https:\/\/coachingmitpferd.de\/wordpress\/wp-json\/wp\/v2\/pages\/786","targetHints":{"allow":["GET"]}}],"collection":[{"href":"https:\/\/coachingmitpferd.de\/wordpress\/wp-json\/wp\/v2\/pages"}],"about":[{"href":"https:\/\/coachingmitpferd.de\/wordpress\/wp-json\/wp\/v2\/types\/page"}],"author":[{"embeddable":true,"href":"https:\/\/coachingmitpferd.de\/wordpress\/wp-json\/wp\/v2\/users\/1"}],"replies":[{"embeddable":true,"href":"https:\/\/coachingmitpferd.de\/wordpress\/wp-json\/wp\/v2\/comments?post=786"}],"version-history":[{"count":6,"href":"https:\/\/coachingmitpferd.de\/wordpress\/wp-json\/wp\/v2\/pages\/786\/revisions"}],"predecessor-version":[{"id":1413,"href":"https:\/\/coachingmitpferd.de\/wordpress\/wp-json\/wp\/v2\/pages\/786\/revisions\/1413"}],"wp:attachment":[{"href":"https:\/\/coachingmitpferd.de\/wordpress\/wp-json\/wp\/v2\/media?parent=786"}],"curies":[{"name":"wp","href":"https:\/\/api.w.org\/{rel}","templated":true}]}}