{"id":948,"date":"2018-05-09T15:02:49","date_gmt":"2018-05-09T15:02:49","guid":{"rendered":"http:\/\/coachingmitpferd.de\/wordpress\/?page_id=948"},"modified":"2018-05-09T15:25:16","modified_gmt":"2018-05-09T15:25:16","slug":"der-unbewusste-lebensplan","status":"publish","type":"page","link":"https:\/\/coachingmitpferd.de\/wordpress\/der-unbewusste-lebensplan\/","title":{"rendered":"Der unbewusste Lebensplan"},"content":{"rendered":"<p><strong>Der unbewusste Lebensplan<\/strong><\/p>\n<p>ist eine auf vielen Bez\u00fcgen der Psychologie basierende, zentrale und besondere Idee der<br \/>\n<a title=\"Was ist Transaktionsanalyse?\" href=\"http:\/\/coachingmitpferd.de\/wordpress\/?page_id=786\">Transaktionsanalyse<\/a>. Transaktionsanalyse ist eine Theorie und Methode der Humanistischen Psychologie, die von dem<br \/>\namerikanischen Psychiater Eric Berne zwischen 1950 und 1970 entwickelt und von weltweit t\u00e4tigen professionellen \u00c4rzt*innen,<br \/>\nPsycholog*innen, P\u00e4dagog*innen, Berater*innen theoretisch und praktisch weiterentwickelt wurde. Transaktionsanalytiker*innen<br \/>\nunterst\u00fctzen Menschen dabei, \u201eein gegl\u00fccktes, m\u00f6glichst selbstgestaltetes und erfolgreiches Leben zu f\u00fchren.\u201c So beschreibt es die Therapeutin und Beraterin Almut Schmale &#8211; Riedel in ihrem Buch \u201eDer unbewusste Lebensplan\u201c. \u201eDas Lebensskript ist ein<br \/>\nErkl\u00e4rungsmodell, das beschreibt, wie Menschen sich bereits als Kind einen Entwurf von ihrem Leben machen, wie sie selbst und die<br \/>\nanderen Menschen sind und ihr Leben k\u00fcnftig verlaufen wird.\u201c<br \/>\nTransaktionsanalytiker*innen gehen davon aus, dass Bewusstheit \u00fcber die als kleiner Mensch selbstkreierten Denkmodelle dazu<br \/>\nverhilft, sein Leben verst\u00e4rkt selbstbestimmt(er)zu gestalten, dar\u00fcber hinaus helfen Ideen zu alternativen Optionen der<br \/>\nLebensgestaltung und ein Erproben von Alternativen des Denkens, F\u00fchlens und Verhaltens in einer vertrauensvollen beraterischen<br \/>\noder therapeutischen Beziehung. <a title=\"Skriptanalyse-Seminar\" href=\"http:\/\/coachingmitpferd.de\/wordpress\/?page_id=945\">zur\u00fcck zum Seminarangebot<\/a><\/p>\n","protected":false},"excerpt":{"rendered":"<p>Der unbewusste Lebensplan ist eine auf vielen Bez\u00fcgen der Psychologie basierende, zentrale und besondere Idee der Transaktionsanalyse. Transaktionsanalyse ist eine Theorie und Methode der Humanistischen Psychologie, die von dem amerikanischen Psychiater Eric Berne zwischen 1950 und 1970 entwickelt und von &hellip; <a class=\"kt-excerpt-readmore\" href=\"https:\/\/coachingmitpferd.de\/wordpress\/der-unbewusste-lebensplan\/\" aria-label=\"Der unbewusste Lebensplan\">Read More<\/a><\/p>\n","protected":false},"author":1,"featured_media":0,"parent":0,"menu_order":0,"comment_status":"closed","ping_status":"closed","template":"","meta":{"footnotes":""},"class_list":["post-948","page","type-page","status-publish","hentry"],"_links":{"self":[{"href":"https:\/\/coachingmitpferd.de\/wordpress\/wp-json\/wp\/v2\/pages\/948","targetHints":{"allow":["GET"]}}],"collection":[{"href":"https:\/\/coachingmitpferd.de\/wordpress\/wp-json\/wp\/v2\/pages"}],"about":[{"href":"https:\/\/coachingmitpferd.de\/wordpress\/wp-json\/wp\/v2\/types\/page"}],"author":[{"embeddable":true,"href":"https:\/\/coachingmitpferd.de\/wordpress\/wp-json\/wp\/v2\/users\/1"}],"replies":[{"embeddable":true,"href":"https:\/\/coachingmitpferd.de\/wordpress\/wp-json\/wp\/v2\/comments?post=948"}],"version-history":[{"count":3,"href":"https:\/\/coachingmitpferd.de\/wordpress\/wp-json\/wp\/v2\/pages\/948\/revisions"}],"predecessor-version":[{"id":960,"href":"https:\/\/coachingmitpferd.de\/wordpress\/wp-json\/wp\/v2\/pages\/948\/revisions\/960"}],"wp:attachment":[{"href":"https:\/\/coachingmitpferd.de\/wordpress\/wp-json\/wp\/v2\/media?parent=948"}],"curies":[{"name":"wp","href":"https:\/\/api.w.org\/{rel}","templated":true}]}}